{"id":5006,"date":"2023-10-30T19:29:02","date_gmt":"2023-10-30T19:29:02","guid":{"rendered":"https:\/\/puntonorte.cl\/web\/?page_id=5006"},"modified":"2024-04-09T17:49:27","modified_gmt":"2024-04-09T17:49:27","slug":"area-de-estudios","status":"publish","type":"page","link":"https:\/\/puntonorte.cl\/web\/area-de-estudios\/","title":{"rendered":"\u00c1rea de Estudios"},"content":{"rendered":"\n[et_pb_section fb_built=\u00bb1&#8243; admin_label=\u00bbHeader\u00bb _builder_version=\u00bb4.18.0&#8243; _module_preset=\u00bbdefault\u00bb custom_padding=\u00bb0px||0px||true|false\u00bb da_disable_devices=\u00bboff|off|off\u00bb locked=\u00bboff\u00bb collapsed=\u00bbon\u00bb global_colors_info=\u00bb{}\u00bb da_is_popup=\u00bboff\u00bb da_exit_intent=\u00bboff\u00bb da_has_close=\u00bbon\u00bb da_alt_close=\u00bboff\u00bb da_dark_close=\u00bboff\u00bb da_not_modal=\u00bbon\u00bb da_is_singular=\u00bboff\u00bb da_with_loader=\u00bboff\u00bb da_has_shadow=\u00bbon\u00bb][et_pb_row column_structure=\u00bb1_2,1_2&#8243; use_custom_gutter=\u00bbon\u00bb gutter_width=\u00bb1&#8243; make_equal=\u00bbon\u00bb _builder_version=\u00bb4.22.1&#8243; _module_preset=\u00bbdefault\u00bb background_color=\u00bb#f2f4f7&#8243; background_enable_pattern_style=\u00bbon\u00bb background_pattern_style=\u00bbsquares\u00bb background_pattern_color=\u00bbRGBA(255,255,255,0)\u00bb width=\u00bb100%\u00bb max_width=\u00bb100%\u00bb custom_margin=\u00bb|auto|-22px|auto||\u00bb custom_padding=\u00bb0px||0px||true|false\u00bb global_colors_info=\u00bb{}\u00bb][et_pb_column type=\u00bb1_2&#8243; _builder_version=\u00bb4.18.0&#8243; _module_preset=\u00bbdefault\u00bb custom_padding=\u00bb10%|4%|10%|8%|true|false\u00bb global_colors_info=\u00bb{}\u00bb][et_pb_text _builder_version=\u00bb4.22.1&#8243; _module_preset=\u00bbc16985e1-e0d6-4022-964d-e2bfc04fa633&#8243; text_font=\u00bbAnek Telugu|300|||||||\u00bb text_text_color=\u00bb#111820&#8243; header_font=\u00bbAnek Telugu|200|||||||\u00bb header_text_color=\u00bb#111820&#8243; header_font_size=\u00bb50px\u00bb custom_margin=\u00bb||30px||false|false\u00bb hover_enabled=\u00bb0&#8243; header_font_tablet=\u00bbAnek Telugu|200|||||||\u00bb header_font_phone=\u00bbAnek Telugu|200|||||||\u00bb header_font_last_edited=\u00bbon|phone\u00bb header_font_size_tablet=\u00bb40px\u00bb header_font_size_phone=\u00bb44px\u00bb header_font_size_last_edited=\u00bbon|desktop\u00bb global_colors_info=\u00bb{}\u00bb sticky_enabled=\u00bb0&#8243;]<h1>Estudios e<br \/><strong>Investigaci\u00f3n<\/strong><\/h1>[\/et_pb_text][et_pb_text _builder_version=\u00bb4.22.1&#8243; _module_preset=\u00bb1f09816e-184e-4ce5-a4cf-b39c52c423ca\u00bb text_font=\u00bbNanum Gothic||||||||\u00bb text_text_color=\u00bb#111820&#8243; text_line_height=\u00bb1.6em\u00bb width=\u00bb78.2%\u00bb custom_margin=\u00bb||30px||false|false\u00bb custom_padding=\u00bb|25px|1px|||\u00bb text_font_size_tablet=\u00bb15px\u00bb text_font_size_phone=\u00bb14px\u00bb text_font_size_last_edited=\u00bbon|phone\u00bb header_font_size_tablet=\u00bb55px\u00bb header_font_size_last_edited=\u00bboff|desktop\u00bb global_colors_info=\u00bb{}\u00bb]<p><span>Realizamos estudios de investigaci\u00f3n con grupo multidisciplinario basado en las solicitudes del cliente:<\/span><span><\/span><\/p>\n<p><span><\/span><\/p>\n<ul>\n<li><span>Estudios de imagen corporativa y de marca<\/span><\/li>\n<li><span>Pre y post test de piezas gr\u00e1ficas y audiovisuales<\/span><\/li>\n<li><span>Estudios de diagn\u00f3stico y caracterizaci\u00f3n de audiencias\/clientes<\/span><\/li>\n<li><span>Medici\u00f3n de impacto de las comunicaciones internas y externas<\/span><\/li>\n<li><span>Estudios de opini\u00f3n p\u00fablica<\/span><\/li>\n<\/ul>[\/et_pb_text][et_pb_button button_url=\u00bbhttps:\/\/puntonorte.cl\/web\u00bb button_text=\u00bbir a inicio\u00bb _builder_version=\u00bb4.22.1&#8243; _module_preset=\u00bbdefault\u00bb custom_button=\u00bbon\u00bb button_text_size=\u00bb16px\u00bb button_text_color=\u00bb#000000&#8243; button_bg_color=\u00bbRGBA(255,255,255,0)\u00bb button_border_width=\u00bb0px\u00bb button_letter_spacing=\u00bb2px\u00bb button_icon=\u00bb&#x23;||divi||400&#8243; button_icon_color=\u00bb#140005&#8243; button_icon_placement=\u00bbleft\u00bb global_colors_info=\u00bb{}\u00bb][\/et_pb_button][\/et_pb_column][et_pb_column type=\u00bb1_2&#8243; _builder_version=\u00bb4.22.1&#8243; _module_preset=\u00bbdefault\u00bb background_image=\u00bbhttps:\/\/puntonorte.cl\/web\/wp-content\/uploads\/2023\/10\/img-estudios-1.jpg\u00bb parallax=\u00bbon\u00bb global_colors_info=\u00bb{}\u00bb][et_pb_divider show_divider=\u00bboff\u00bb _builder_version=\u00bb4.18.0&#8243; _module_preset=\u00bbdefault\u00bb height_tablet=\u00bb40vw\u00bb height_phone=\u00bb40vw\u00bb height_last_edited=\u00bbon|desktop\u00bb global_colors_info=\u00bb{}\u00bb][\/et_pb_divider][\/et_pb_column][\/et_pb_row][\/et_pb_section]\n","protected":false},"excerpt":{"rendered":"<p>Estudios eInvestigaci\u00f3nRealizamos estudios de investigaci\u00f3n con grupo multidisciplinario basado en las solicitudes del cliente: Estudios de imagen corporativa y de marca Pre y post test de piezas gr\u00e1ficas y audiovisuales Estudios de diagn\u00f3stico y caracterizaci\u00f3n de audiencias\/clientes Medici\u00f3n de impacto de las comunicaciones internas y externas Estudios de opini\u00f3n p\u00fablica<\/p>\n","protected":false},"author":1,"featured_media":0,"parent":0,"menu_order":0,"comment_status":"closed","ping_status":"closed","template":"","meta":{"_et_pb_use_builder":"on","_et_pb_old_content":"","_et_gb_content_width":"","footnotes":""},"class_list":["post-5006","page","type-page","status-publish","hentry"],"yoast_head":"<!-- This site is optimized with the Yoast SEO plugin v27.2 - https:\/\/yoast.com\/product\/yoast-seo-wordpress\/ -->\n<title>\u00c1rea de Estudios - Puntonorte Comunicaciones<\/title>\n<meta name=\"description\" content=\"Realizamos estudios multidisciplinarios: imagen de marca, diagn\u00f3sticos de audiencia, impacto comunicacional y opini\u00f3n p\u00fablica.\" \/>\n<meta name=\"robots\" content=\"index, follow, max-snippet:-1, max-image-preview:large, max-video-preview:-1\" \/>\n<link rel=\"canonical\" href=\"https:\/\/puntonorte.cl\/web\/area-de-estudios\/\" \/>\n<meta property=\"og:locale\" content=\"es_ES\" \/>\n<meta property=\"og:type\" content=\"article\" \/>\n<meta property=\"og:title\" content=\"\u00c1rea de Estudios - Puntonorte Comunicaciones\" \/>\n<meta property=\"og:description\" content=\"Realizamos estudios multidisciplinarios: imagen de marca, diagn\u00f3sticos de audiencia, impacto comunicacional y opini\u00f3n p\u00fablica.\" \/>\n<meta property=\"og:url\" content=\"https:\/\/puntonorte.cl\/web\/area-de-estudios\/\" \/>\n<meta property=\"og:site_name\" content=\"Puntonorte Comunicaciones\" \/>\n<meta property=\"article:modified_time\" content=\"2024-04-09T17:49:27+00:00\" \/>\n<meta name=\"twitter:card\" content=\"summary_large_image\" \/>\n<meta name=\"twitter:label1\" content=\"Tiempo de lectura\" \/>\n\t<meta name=\"twitter:data1\" content=\"1 minuto\" \/>\n<script type=\"application\/ld+json\" class=\"yoast-schema-graph\">{\"@context\":\"https:\/\/schema.org\",\"@graph\":[{\"@type\":\"WebPage\",\"@id\":\"https:\/\/puntonorte.cl\/web\/area-de-estudios\/\",\"url\":\"https:\/\/puntonorte.cl\/web\/area-de-estudios\/\",\"name\":\"\u00c1rea de Estudios - Puntonorte Comunicaciones\",\"isPartOf\":{\"@id\":\"https:\/\/puntonorte.cl\/web\/#website\"},\"datePublished\":\"2023-10-30T19:29:02+00:00\",\"dateModified\":\"2024-04-09T17:49:27+00:00\",\"description\":\"Realizamos estudios multidisciplinarios: imagen de marca, diagn\u00f3sticos de audiencia, impacto comunicacional y opini\u00f3n p\u00fablica.\",\"breadcrumb\":{\"@id\":\"https:\/\/puntonorte.cl\/web\/area-de-estudios\/#breadcrumb\"},\"inLanguage\":\"es\",\"potentialAction\":[{\"@type\":\"ReadAction\",\"target\":[\"https:\/\/puntonorte.cl\/web\/area-de-estudios\/\"]}]},{\"@type\":\"BreadcrumbList\",\"@id\":\"https:\/\/puntonorte.cl\/web\/area-de-estudios\/#breadcrumb\",\"itemListElement\":[{\"@type\":\"ListItem\",\"position\":1,\"name\":\"Portada\",\"item\":\"https:\/\/puntonorte.cl\/web\/\"},{\"@type\":\"ListItem\",\"position\":2,\"name\":\"\u00c1rea de Estudios\"}]},{\"@type\":\"WebSite\",\"@id\":\"https:\/\/puntonorte.cl\/web\/#website\",\"url\":\"https:\/\/puntonorte.cl\/web\/\",\"name\":\"Puntonorte Comunicaciones\",\"description\":\"Consultora de Comunicaciones Estrat\u00e9gicas\",\"publisher\":{\"@id\":\"https:\/\/puntonorte.cl\/web\/#organization\"},\"alternateName\":\"puntonorte\",\"potentialAction\":[{\"@type\":\"SearchAction\",\"target\":{\"@type\":\"EntryPoint\",\"urlTemplate\":\"https:\/\/puntonorte.cl\/web\/?s={search_term_string}\"},\"query-input\":{\"@type\":\"PropertyValueSpecification\",\"valueRequired\":true,\"valueName\":\"search_term_string\"}}],\"inLanguage\":\"es\"},{\"@type\":\"Organization\",\"@id\":\"https:\/\/puntonorte.cl\/web\/#organization\",\"name\":\"Puntonorte Comunicaciones\",\"alternateName\":\"puntonorte\",\"url\":\"https:\/\/puntonorte.cl\/web\/\",\"logo\":{\"@type\":\"ImageObject\",\"inLanguage\":\"es\",\"@id\":\"https:\/\/puntonorte.cl\/web\/#\/schema\/logo\/image\/\",\"url\":\"https:\/\/puntonorte.cl\/web\/wp-content\/uploads\/2023\/06\/LOGO-PN.png\",\"contentUrl\":\"https:\/\/puntonorte.cl\/web\/wp-content\/uploads\/2023\/06\/LOGO-PN.png\",\"width\":224,\"height\":66,\"caption\":\"Puntonorte Comunicaciones\"},\"image\":{\"@id\":\"https:\/\/puntonorte.cl\/web\/#\/schema\/logo\/image\/\"}}]}<\/script>\n<!-- \/ Yoast SEO plugin. -->","yoast_head_json":{"title":"\u00c1rea de Estudios - Puntonorte Comunicaciones","description":"Realizamos estudios multidisciplinarios: imagen de marca, diagn\u00f3sticos de audiencia, impacto comunicacional y opini\u00f3n p\u00fablica.","robots":{"index":"index","follow":"follow","max-snippet":"max-snippet:-1","max-image-preview":"max-image-preview:large","max-video-preview":"max-video-preview:-1"},"canonical":"https:\/\/puntonorte.cl\/web\/area-de-estudios\/","og_locale":"es_ES","og_type":"article","og_title":"\u00c1rea de Estudios - Puntonorte Comunicaciones","og_description":"Realizamos estudios multidisciplinarios: imagen de marca, diagn\u00f3sticos de audiencia, impacto comunicacional y opini\u00f3n p\u00fablica.","og_url":"https:\/\/puntonorte.cl\/web\/area-de-estudios\/","og_site_name":"Puntonorte Comunicaciones","article_modified_time":"2024-04-09T17:49:27+00:00","twitter_card":"summary_large_image","twitter_misc":{"Tiempo de lectura":"1 minuto"},"schema":{"@context":"https:\/\/schema.org","@graph":[{"@type":"WebPage","@id":"https:\/\/puntonorte.cl\/web\/area-de-estudios\/","url":"https:\/\/puntonorte.cl\/web\/area-de-estudios\/","name":"\u00c1rea de Estudios - Puntonorte Comunicaciones","isPartOf":{"@id":"https:\/\/puntonorte.cl\/web\/#website"},"datePublished":"2023-10-30T19:29:02+00:00","dateModified":"2024-04-09T17:49:27+00:00","description":"Realizamos estudios multidisciplinarios: imagen de marca, diagn\u00f3sticos de audiencia, impacto comunicacional y opini\u00f3n p\u00fablica.","breadcrumb":{"@id":"https:\/\/puntonorte.cl\/web\/area-de-estudios\/#breadcrumb"},"inLanguage":"es","potentialAction":[{"@type":"ReadAction","target":["https:\/\/puntonorte.cl\/web\/area-de-estudios\/"]}]},{"@type":"BreadcrumbList","@id":"https:\/\/puntonorte.cl\/web\/area-de-estudios\/#breadcrumb","itemListElement":[{"@type":"ListItem","position":1,"name":"Portada","item":"https:\/\/puntonorte.cl\/web\/"},{"@type":"ListItem","position":2,"name":"\u00c1rea de Estudios"}]},{"@type":"WebSite","@id":"https:\/\/puntonorte.cl\/web\/#website","url":"https:\/\/puntonorte.cl\/web\/","name":"Puntonorte Comunicaciones","description":"Consultora de Comunicaciones Estrat\u00e9gicas","publisher":{"@id":"https:\/\/puntonorte.cl\/web\/#organization"},"alternateName":"puntonorte","potentialAction":[{"@type":"SearchAction","target":{"@type":"EntryPoint","urlTemplate":"https:\/\/puntonorte.cl\/web\/?s={search_term_string}"},"query-input":{"@type":"PropertyValueSpecification","valueRequired":true,"valueName":"search_term_string"}}],"inLanguage":"es"},{"@type":"Organization","@id":"https:\/\/puntonorte.cl\/web\/#organization","name":"Puntonorte Comunicaciones","alternateName":"puntonorte","url":"https:\/\/puntonorte.cl\/web\/","logo":{"@type":"ImageObject","inLanguage":"es","@id":"https:\/\/puntonorte.cl\/web\/#\/schema\/logo\/image\/","url":"https:\/\/puntonorte.cl\/web\/wp-content\/uploads\/2023\/06\/LOGO-PN.png","contentUrl":"https:\/\/puntonorte.cl\/web\/wp-content\/uploads\/2023\/06\/LOGO-PN.png","width":224,"height":66,"caption":"Puntonorte Comunicaciones"},"image":{"@id":"https:\/\/puntonorte.cl\/web\/#\/schema\/logo\/image\/"}}]}},"_links":{"self":[{"href":"https:\/\/puntonorte.cl\/web\/wp-json\/wp\/v2\/pages\/5006","targetHints":{"allow":["GET"]}}],"collection":[{"href":"https:\/\/puntonorte.cl\/web\/wp-json\/wp\/v2\/pages"}],"about":[{"href":"https:\/\/puntonorte.cl\/web\/wp-json\/wp\/v2\/types\/page"}],"author":[{"embeddable":true,"href":"https:\/\/puntonorte.cl\/web\/wp-json\/wp\/v2\/users\/1"}],"replies":[{"embeddable":true,"href":"https:\/\/puntonorte.cl\/web\/wp-json\/wp\/v2\/comments?post=5006"}],"version-history":[{"count":0,"href":"https:\/\/puntonorte.cl\/web\/wp-json\/wp\/v2\/pages\/5006\/revisions"}],"wp:attachment":[{"href":"https:\/\/puntonorte.cl\/web\/wp-json\/wp\/v2\/media?parent=5006"}],"curies":[{"name":"wp","href":"https:\/\/api.w.org\/{rel}","templated":true}]}}