{"id":4970,"date":"2023-10-30T16:30:28","date_gmt":"2023-10-30T16:30:28","guid":{"rendered":"https:\/\/puntonorte.cl\/web\/?page_id=4970"},"modified":"2024-04-09T17:43:49","modified_gmt":"2024-04-09T17:43:49","slug":"produccion-audiovisual","status":"publish","type":"page","link":"https:\/\/puntonorte.cl\/web\/produccion-audiovisual\/","title":{"rendered":"Producci\u00f3n Audiovisual"},"content":{"rendered":"\n[et_pb_section fb_built=\u00bb1&#8243; admin_label=\u00bbHeader\u00bb _builder_version=\u00bb4.18.0&#8243; _module_preset=\u00bbdefault\u00bb custom_padding=\u00bb0px||0px||true|false\u00bb da_disable_devices=\u00bboff|off|off\u00bb locked=\u00bboff\u00bb collapsed=\u00bbon\u00bb global_colors_info=\u00bb{}\u00bb da_is_popup=\u00bboff\u00bb da_exit_intent=\u00bboff\u00bb da_has_close=\u00bbon\u00bb da_alt_close=\u00bboff\u00bb da_dark_close=\u00bboff\u00bb da_not_modal=\u00bbon\u00bb da_is_singular=\u00bboff\u00bb da_with_loader=\u00bboff\u00bb da_has_shadow=\u00bbon\u00bb][et_pb_row column_structure=\u00bb1_2,1_2&#8243; use_custom_gutter=\u00bbon\u00bb gutter_width=\u00bb1&#8243; make_equal=\u00bbon\u00bb _builder_version=\u00bb4.22.1&#8243; _module_preset=\u00bbdefault\u00bb background_color=\u00bb#f2f4f7&#8243; background_enable_pattern_style=\u00bbon\u00bb background_pattern_style=\u00bbsquares\u00bb background_pattern_color=\u00bbRGBA(255,255,255,0)\u00bb width=\u00bb100%\u00bb max_width=\u00bb100%\u00bb custom_margin=\u00bb|auto|-22px|auto||\u00bb custom_padding=\u00bb0px||0px||true|false\u00bb global_colors_info=\u00bb{}\u00bb][et_pb_column type=\u00bb1_2&#8243; _builder_version=\u00bb4.22.1&#8243; _module_preset=\u00bbdefault\u00bb background_image=\u00bbhttps:\/\/puntonorte.cl\/web\/wp-content\/uploads\/2023\/10\/audiovisual.jpg\u00bb parallax=\u00bbon\u00bb global_colors_info=\u00bb{}\u00bb][et_pb_divider show_divider=\u00bboff\u00bb _builder_version=\u00bb4.18.0&#8243; _module_preset=\u00bbdefault\u00bb height_tablet=\u00bb40vw\u00bb height_phone=\u00bb40vw\u00bb height_last_edited=\u00bbon|desktop\u00bb global_colors_info=\u00bb{}\u00bb][\/et_pb_divider][\/et_pb_column][et_pb_column type=\u00bb1_2&#8243; _builder_version=\u00bb4.22.1&#8243; _module_preset=\u00bbdefault\u00bb custom_padding=\u00bb12%|4%|12%|8%|true|false\u00bb global_colors_info=\u00bb{}\u00bb][et_pb_text _builder_version=\u00bb4.22.1&#8243; _module_preset=\u00bbc16985e1-e0d6-4022-964d-e2bfc04fa633&#8243; text_font=\u00bbAnek Telugu|300|||||||\u00bb text_text_color=\u00bb#111820&#8243; header_font=\u00bbAnek Telugu|200|||||||\u00bb header_text_color=\u00bb#111820&#8243; header_font_size=\u00bb50px\u00bb custom_margin=\u00bb||30px||false|false\u00bb header_font_tablet=\u00bbAnek Telugu|200|||||||\u00bb header_font_phone=\u00bbAnek Telugu|200|||||||\u00bb header_font_last_edited=\u00bbon|phone\u00bb header_font_size_tablet=\u00bb40px\u00bb header_font_size_phone=\u00bb44px\u00bb header_font_size_last_edited=\u00bbon|desktop\u00bb global_colors_info=\u00bb{}\u00bb]<h1>Producci\u00f3n<br \/><strong>Audiovisual<\/strong><\/h1>[\/et_pb_text][et_pb_text _builder_version=\u00bb4.22.1&#8243; _module_preset=\u00bb1f09816e-184e-4ce5-a4cf-b39c52c423ca\u00bb text_font=\u00bbNanum Gothic||||||||\u00bb text_text_color=\u00bb#111820&#8243; text_line_height=\u00bb1.6em\u00bb width=\u00bb84.1%\u00bb custom_margin=\u00bb||30px||false|false\u00bb custom_padding=\u00bb|25px||||\u00bb text_font_size_tablet=\u00bb15px\u00bb text_font_size_phone=\u00bb14px\u00bb text_font_size_last_edited=\u00bbon|phone\u00bb header_font_size_tablet=\u00bb55px\u00bb header_font_size_last_edited=\u00bboff|desktop\u00bb global_colors_info=\u00bb{}\u00bb]<p>Entendemos la fuerza de los mensajes en im\u00e1genes en el mundo actual. Es por ello que hacemos <strong>producciones audiovisuales de excelencia, enfocadas en las necesidades de nuestros clientes<\/strong> y de acuerdo al p\u00fablico objetivo al que van dirigidas.<\/p>\n<p>Contamos con un \u00e1rea de producci\u00f3n audiovisual, <span>quienes producen y realizan diversos productos audiovisuales tales como c\u00e1psulas informativas, spots, videos institucionales, videos corporativos, entre otros. Estas piezas se construyen con un alto est\u00e1ndar de calidad t\u00e9cnica y creativa <strong>permitiendo crear mensajes de alto impacto<\/strong> para p\u00fablicos externos, colaboradores o stakeholders espec\u00edficos.<\/span><\/p>[\/et_pb_text][et_pb_button button_url=\u00bbhttps:\/\/vimeo.com\/882870664&#8243; button_text=\u00bbVer nuestro Reel\u00bb button_alignment=\u00bbleft\u00bb _builder_version=\u00bb4.22.1&#8243; _module_preset=\u00bbdefault\u00bb custom_button=\u00bbon\u00bb button_text_size=\u00bb15px\u00bb button_text_color=\u00bb#111820&#8243; button_border_width=\u00bb1.5px\u00bb button_border_color=\u00bb#111820&#8243; button_border_radius=\u00bb40px\u00bb button_letter_spacing=\u00bb1px\u00bb button_font=\u00bbAnek Telugu||||||||\u00bb custom_margin=\u00bb5%||5%||false|false\u00bb custom_padding=\u00bb1%|5%|0%|4%|false|false\u00bb hover_enabled=\u00bb0&#8243; locked=\u00bboff\u00bb global_colors_info=\u00bb{}\u00bb button_use_icon=\u00bboff\u00bb sticky_enabled=\u00bb0&#8243;][\/et_pb_button][et_pb_button button_url=\u00bbhttps:\/\/puntonorte.cl\/web\u00bb button_text=\u00bbir a inicio\u00bb _builder_version=\u00bb4.22.1&#8243; _module_preset=\u00bbdefault\u00bb custom_button=\u00bbon\u00bb button_text_size=\u00bb16px\u00bb button_text_color=\u00bb#000000&#8243; button_bg_color=\u00bbRGBA(255,255,255,0)\u00bb button_border_width=\u00bb0px\u00bb button_letter_spacing=\u00bb2px\u00bb button_icon=\u00bb&#x23;||divi||400&#8243; button_icon_color=\u00bb#140005&#8243; button_icon_placement=\u00bbleft\u00bb hover_enabled=\u00bb0&#8243; global_colors_info=\u00bb{}\u00bb sticky_enabled=\u00bb0&#8243;][\/et_pb_button][\/et_pb_column][\/et_pb_row][\/et_pb_section][et_pb_section fb_built=\u00bb1&#8243; admin_label=\u00bbNeighborhoods\u00bb _builder_version=\u00bb4.22.1&#8243; _module_preset=\u00bbdefault\u00bb overflow-x=\u00bbvisible\u00bb overflow-y=\u00bbvisible\u00bb custom_padding=\u00bb0px||0px||true|\u00bb da_disable_devices=\u00bboff|off|off\u00bb global_colors_info=\u00bb{}\u00bb da_is_popup=\u00bboff\u00bb da_exit_intent=\u00bboff\u00bb da_has_close=\u00bbon\u00bb da_alt_close=\u00bboff\u00bb da_dark_close=\u00bboff\u00bb da_not_modal=\u00bbon\u00bb da_is_singular=\u00bboff\u00bb da_with_loader=\u00bboff\u00bb da_has_shadow=\u00bbon\u00bb][et_pb_row column_structure=\u00bb1_3,1_3,1_3&#8243; use_custom_gutter=\u00bbon\u00bb gutter_width=\u00bb1&#8243; make_equal=\u00bbon\u00bb _builder_version=\u00bb4.22.1&#8243; _module_preset=\u00bbdefault\u00bb width=\u00bb100%\u00bb max_width=\u00bbnone\u00bb min_height=\u00bb350px\u00bb overflow-x=\u00bbvisible\u00bb overflow-y=\u00bbvisible\u00bb custom_padding=\u00bb0px||0px||true|false\u00bb background_last_edited=\u00bbon|phone\u00bb global_colors_info=\u00bb{}\u00bb][et_pb_column type=\u00bb1_3&#8243; _builder_version=\u00bb4.22.1&#8243; _module_preset=\u00bbdefault\u00bb background_image=\u00bbhttps:\/\/puntonorte.cl\/web\/wp-content\/uploads\/2023\/10\/audiovisual-22.png\u00bb overflow-x=\u00bbvisible\u00bb overflow-y=\u00bbvisible\u00bb custom_padding=\u00bb8%|4%|8%|4%|true|true\u00bb background_last_edited=\u00bbon|desktop\u00bb global_colors_info=\u00bb{}\u00bb background__hover_enabled=\u00bbon|desktop\u00bb background_color_gradient_stops__hover=\u00bbrgba(0,0,0,0.3) 0%|rgba(0,0,0,0.8) 100%\u00bb use_background_color_gradient__hover=\u00bbon\u00bb][\/et_pb_column][et_pb_column type=\u00bb1_3&#8243; _builder_version=\u00bb4.22.1&#8243; _module_preset=\u00bbdefault\u00bb background_image=\u00bbhttps:\/\/puntonorte.cl\/web\/wp-content\/uploads\/2023\/10\/audiovisual-2.jpeg\u00bb overflow-x=\u00bbvisible\u00bb overflow-y=\u00bbvisible\u00bb custom_padding=\u00bb8%|4%|8%|4%|true|true\u00bb global_colors_info=\u00bb{}\u00bb background__hover_enabled=\u00bbon|hover\u00bb background_color_gradient_stops__hover=\u00bbrgba(0,0,0,0.3) 0%|rgba(0,0,0,0.8) 100%\u00bb use_background_color_gradient__hover=\u00bbon\u00bb][\/et_pb_column][et_pb_column type=\u00bb1_3&#8243; _builder_version=\u00bb4.22.1&#8243; _module_preset=\u00bbdefault\u00bb background_image=\u00bbhttps:\/\/puntonorte.cl\/web\/wp-content\/uploads\/2023\/10\/audiovisual3.jpg\u00bb overflow-x=\u00bbvisible\u00bb overflow-y=\u00bbvisible\u00bb custom_padding=\u00bb8%|4%|8%|4%|true|true\u00bb global_colors_info=\u00bb{}\u00bb background__hover_enabled=\u00bbon|hover\u00bb background_color_gradient_stops__hover=\u00bbrgba(0,0,0,0.3) 0%|rgba(0,0,0,0.8) 100%\u00bb use_background_color_gradient__hover=\u00bbon\u00bb][\/et_pb_column][\/et_pb_row][\/et_pb_section]\n","protected":false},"excerpt":{"rendered":"<p>Producci\u00f3nAudiovisualEntendemos la fuerza de los mensajes en im\u00e1genes en el mundo actual. Es por ello que hacemos producciones audiovisuales de excelencia, enfocadas en las necesidades de nuestros clientes y de acuerdo al p\u00fablico objetivo al que van dirigidas. Contamos con un \u00e1rea de producci\u00f3n audiovisual, quienes producen y realizan diversos productos audiovisuales tales como c\u00e1psulas [&hellip;]<\/p>\n","protected":false},"author":1,"featured_media":0,"parent":0,"menu_order":0,"comment_status":"closed","ping_status":"closed","template":"","meta":{"_et_pb_use_builder":"on","_et_pb_old_content":"","_et_gb_content_width":"","footnotes":""},"class_list":["post-4970","page","type-page","status-publish","hentry"],"yoast_head":"<!-- This site is optimized with the Yoast SEO plugin v27.2 - https:\/\/yoast.com\/product\/yoast-seo-wordpress\/ -->\n<title>Producci\u00f3n Audiovisual - Puntonorte Comunicaciones<\/title>\n<meta name=\"description\" content=\"Producci\u00f3n Audiovisual: Mensajes de alto impacto con producciones de excelencia, enfocadas en las necesidades del cliente y su p\u00fablico.\" \/>\n<meta name=\"robots\" content=\"index, follow, max-snippet:-1, max-image-preview:large, max-video-preview:-1\" \/>\n<link rel=\"canonical\" href=\"https:\/\/puntonorte.cl\/web\/produccion-audiovisual\/\" \/>\n<meta property=\"og:locale\" content=\"es_ES\" \/>\n<meta property=\"og:type\" content=\"article\" \/>\n<meta property=\"og:title\" content=\"Producci\u00f3n Audiovisual - Puntonorte Comunicaciones\" \/>\n<meta property=\"og:description\" content=\"Producci\u00f3n Audiovisual: Mensajes de alto impacto con producciones de excelencia, enfocadas en las necesidades del cliente y su p\u00fablico.\" \/>\n<meta property=\"og:url\" content=\"https:\/\/puntonorte.cl\/web\/produccion-audiovisual\/\" \/>\n<meta property=\"og:site_name\" content=\"Puntonorte Comunicaciones\" \/>\n<meta property=\"article:modified_time\" content=\"2024-04-09T17:43:49+00:00\" \/>\n<meta name=\"twitter:card\" content=\"summary_large_image\" \/>\n<meta name=\"twitter:label1\" content=\"Tiempo de lectura\" \/>\n\t<meta name=\"twitter:data1\" content=\"1 minuto\" \/>\n<script type=\"application\/ld+json\" class=\"yoast-schema-graph\">{\"@context\":\"https:\/\/schema.org\",\"@graph\":[{\"@type\":\"WebPage\",\"@id\":\"https:\/\/puntonorte.cl\/web\/produccion-audiovisual\/\",\"url\":\"https:\/\/puntonorte.cl\/web\/produccion-audiovisual\/\",\"name\":\"Producci\u00f3n Audiovisual - Puntonorte Comunicaciones\",\"isPartOf\":{\"@id\":\"https:\/\/puntonorte.cl\/web\/#website\"},\"datePublished\":\"2023-10-30T16:30:28+00:00\",\"dateModified\":\"2024-04-09T17:43:49+00:00\",\"description\":\"Producci\u00f3n Audiovisual: Mensajes de alto impacto con producciones de excelencia, enfocadas en las necesidades del cliente y su p\u00fablico.\",\"breadcrumb\":{\"@id\":\"https:\/\/puntonorte.cl\/web\/produccion-audiovisual\/#breadcrumb\"},\"inLanguage\":\"es\",\"potentialAction\":[{\"@type\":\"ReadAction\",\"target\":[\"https:\/\/puntonorte.cl\/web\/produccion-audiovisual\/\"]}]},{\"@type\":\"BreadcrumbList\",\"@id\":\"https:\/\/puntonorte.cl\/web\/produccion-audiovisual\/#breadcrumb\",\"itemListElement\":[{\"@type\":\"ListItem\",\"position\":1,\"name\":\"Portada\",\"item\":\"https:\/\/puntonorte.cl\/web\/\"},{\"@type\":\"ListItem\",\"position\":2,\"name\":\"Producci\u00f3n Audiovisual\"}]},{\"@type\":\"WebSite\",\"@id\":\"https:\/\/puntonorte.cl\/web\/#website\",\"url\":\"https:\/\/puntonorte.cl\/web\/\",\"name\":\"Puntonorte Comunicaciones\",\"description\":\"Consultora de Comunicaciones Estrat\u00e9gicas\",\"publisher\":{\"@id\":\"https:\/\/puntonorte.cl\/web\/#organization\"},\"alternateName\":\"puntonorte\",\"potentialAction\":[{\"@type\":\"SearchAction\",\"target\":{\"@type\":\"EntryPoint\",\"urlTemplate\":\"https:\/\/puntonorte.cl\/web\/?s={search_term_string}\"},\"query-input\":{\"@type\":\"PropertyValueSpecification\",\"valueRequired\":true,\"valueName\":\"search_term_string\"}}],\"inLanguage\":\"es\"},{\"@type\":\"Organization\",\"@id\":\"https:\/\/puntonorte.cl\/web\/#organization\",\"name\":\"Puntonorte Comunicaciones\",\"alternateName\":\"puntonorte\",\"url\":\"https:\/\/puntonorte.cl\/web\/\",\"logo\":{\"@type\":\"ImageObject\",\"inLanguage\":\"es\",\"@id\":\"https:\/\/puntonorte.cl\/web\/#\/schema\/logo\/image\/\",\"url\":\"https:\/\/puntonorte.cl\/web\/wp-content\/uploads\/2023\/06\/LOGO-PN.png\",\"contentUrl\":\"https:\/\/puntonorte.cl\/web\/wp-content\/uploads\/2023\/06\/LOGO-PN.png\",\"width\":224,\"height\":66,\"caption\":\"Puntonorte Comunicaciones\"},\"image\":{\"@id\":\"https:\/\/puntonorte.cl\/web\/#\/schema\/logo\/image\/\"}}]}<\/script>\n<!-- \/ Yoast SEO plugin. -->","yoast_head_json":{"title":"Producci\u00f3n Audiovisual - Puntonorte Comunicaciones","description":"Producci\u00f3n Audiovisual: Mensajes de alto impacto con producciones de excelencia, enfocadas en las necesidades del cliente y su p\u00fablico.","robots":{"index":"index","follow":"follow","max-snippet":"max-snippet:-1","max-image-preview":"max-image-preview:large","max-video-preview":"max-video-preview:-1"},"canonical":"https:\/\/puntonorte.cl\/web\/produccion-audiovisual\/","og_locale":"es_ES","og_type":"article","og_title":"Producci\u00f3n Audiovisual - Puntonorte Comunicaciones","og_description":"Producci\u00f3n Audiovisual: Mensajes de alto impacto con producciones de excelencia, enfocadas en las necesidades del cliente y su p\u00fablico.","og_url":"https:\/\/puntonorte.cl\/web\/produccion-audiovisual\/","og_site_name":"Puntonorte Comunicaciones","article_modified_time":"2024-04-09T17:43:49+00:00","twitter_card":"summary_large_image","twitter_misc":{"Tiempo de lectura":"1 minuto"},"schema":{"@context":"https:\/\/schema.org","@graph":[{"@type":"WebPage","@id":"https:\/\/puntonorte.cl\/web\/produccion-audiovisual\/","url":"https:\/\/puntonorte.cl\/web\/produccion-audiovisual\/","name":"Producci\u00f3n Audiovisual - Puntonorte Comunicaciones","isPartOf":{"@id":"https:\/\/puntonorte.cl\/web\/#website"},"datePublished":"2023-10-30T16:30:28+00:00","dateModified":"2024-04-09T17:43:49+00:00","description":"Producci\u00f3n Audiovisual: Mensajes de alto impacto con producciones de excelencia, enfocadas en las necesidades del cliente y su p\u00fablico.","breadcrumb":{"@id":"https:\/\/puntonorte.cl\/web\/produccion-audiovisual\/#breadcrumb"},"inLanguage":"es","potentialAction":[{"@type":"ReadAction","target":["https:\/\/puntonorte.cl\/web\/produccion-audiovisual\/"]}]},{"@type":"BreadcrumbList","@id":"https:\/\/puntonorte.cl\/web\/produccion-audiovisual\/#breadcrumb","itemListElement":[{"@type":"ListItem","position":1,"name":"Portada","item":"https:\/\/puntonorte.cl\/web\/"},{"@type":"ListItem","position":2,"name":"Producci\u00f3n Audiovisual"}]},{"@type":"WebSite","@id":"https:\/\/puntonorte.cl\/web\/#website","url":"https:\/\/puntonorte.cl\/web\/","name":"Puntonorte Comunicaciones","description":"Consultora de Comunicaciones Estrat\u00e9gicas","publisher":{"@id":"https:\/\/puntonorte.cl\/web\/#organization"},"alternateName":"puntonorte","potentialAction":[{"@type":"SearchAction","target":{"@type":"EntryPoint","urlTemplate":"https:\/\/puntonorte.cl\/web\/?s={search_term_string}"},"query-input":{"@type":"PropertyValueSpecification","valueRequired":true,"valueName":"search_term_string"}}],"inLanguage":"es"},{"@type":"Organization","@id":"https:\/\/puntonorte.cl\/web\/#organization","name":"Puntonorte Comunicaciones","alternateName":"puntonorte","url":"https:\/\/puntonorte.cl\/web\/","logo":{"@type":"ImageObject","inLanguage":"es","@id":"https:\/\/puntonorte.cl\/web\/#\/schema\/logo\/image\/","url":"https:\/\/puntonorte.cl\/web\/wp-content\/uploads\/2023\/06\/LOGO-PN.png","contentUrl":"https:\/\/puntonorte.cl\/web\/wp-content\/uploads\/2023\/06\/LOGO-PN.png","width":224,"height":66,"caption":"Puntonorte Comunicaciones"},"image":{"@id":"https:\/\/puntonorte.cl\/web\/#\/schema\/logo\/image\/"}}]}},"_links":{"self":[{"href":"https:\/\/puntonorte.cl\/web\/wp-json\/wp\/v2\/pages\/4970","targetHints":{"allow":["GET"]}}],"collection":[{"href":"https:\/\/puntonorte.cl\/web\/wp-json\/wp\/v2\/pages"}],"about":[{"href":"https:\/\/puntonorte.cl\/web\/wp-json\/wp\/v2\/types\/page"}],"author":[{"embeddable":true,"href":"https:\/\/puntonorte.cl\/web\/wp-json\/wp\/v2\/users\/1"}],"replies":[{"embeddable":true,"href":"https:\/\/puntonorte.cl\/web\/wp-json\/wp\/v2\/comments?post=4970"}],"version-history":[{"count":0,"href":"https:\/\/puntonorte.cl\/web\/wp-json\/wp\/v2\/pages\/4970\/revisions"}],"wp:attachment":[{"href":"https:\/\/puntonorte.cl\/web\/wp-json\/wp\/v2\/media?parent=4970"}],"curies":[{"name":"wp","href":"https:\/\/api.w.org\/{rel}","templated":true}]}}