{"id":4472,"date":"2023-10-24T18:17:37","date_gmt":"2023-10-24T18:17:37","guid":{"rendered":"https:\/\/puntonorte.cl\/web\/?page_id=4472"},"modified":"2024-04-21T17:13:28","modified_gmt":"2024-04-21T17:13:28","slug":"diseno-branding","status":"publish","type":"page","link":"https:\/\/puntonorte.cl\/web\/diseno-branding\/","title":{"rendered":"Dise\u00f1o &amp; Branding"},"content":{"rendered":"\n[et_pb_section fb_built=\u00bb1&#8243; admin_label=\u00bbHeader\u00bb _builder_version=\u00bb4.18.0&#8243; _module_preset=\u00bbdefault\u00bb custom_padding=\u00bb0px||0px||true|false\u00bb da_disable_devices=\u00bboff|off|off\u00bb locked=\u00bboff\u00bb collapsed=\u00bboff\u00bb global_colors_info=\u00bb{}\u00bb da_is_popup=\u00bboff\u00bb da_exit_intent=\u00bboff\u00bb da_has_close=\u00bbon\u00bb da_alt_close=\u00bboff\u00bb da_dark_close=\u00bboff\u00bb da_not_modal=\u00bbon\u00bb da_is_singular=\u00bboff\u00bb da_with_loader=\u00bboff\u00bb da_has_shadow=\u00bbon\u00bb][et_pb_row column_structure=\u00bb1_2,1_2&#8243; use_custom_gutter=\u00bbon\u00bb gutter_width=\u00bb1&#8243; make_equal=\u00bbon\u00bb _builder_version=\u00bb4.22.1&#8243; _module_preset=\u00bbdefault\u00bb background_color=\u00bb#f2f4f7&#8243; background_enable_pattern_style=\u00bbon\u00bb background_pattern_style=\u00bbsquares\u00bb background_pattern_color=\u00bbRGBA(255,255,255,0)\u00bb width=\u00bb100%\u00bb max_width=\u00bb100%\u00bb custom_margin=\u00bb|auto|-22px|auto||\u00bb custom_padding=\u00bb0px||0px||true|false\u00bb global_colors_info=\u00bb{}\u00bb][et_pb_column type=\u00bb1_2&#8243; _builder_version=\u00bb4.22.1&#8243; _module_preset=\u00bbdefault\u00bb background_image=\u00bbhttps:\/\/puntonorte.cl\/web\/wp-content\/uploads\/2023\/10\/dis.jpg\u00bb parallax=\u00bbon\u00bb global_colors_info=\u00bb{}\u00bb][et_pb_divider show_divider=\u00bboff\u00bb _builder_version=\u00bb4.18.0&#8243; _module_preset=\u00bbdefault\u00bb height_tablet=\u00bb40vw\u00bb height_phone=\u00bb40vw\u00bb height_last_edited=\u00bbon|desktop\u00bb global_colors_info=\u00bb{}\u00bb][\/et_pb_divider][\/et_pb_column][et_pb_column type=\u00bb1_2&#8243; _builder_version=\u00bb4.22.1&#8243; _module_preset=\u00bbdefault\u00bb custom_padding=\u00bb12%|4%|12%|8%|true|false\u00bb global_colors_info=\u00bb{}\u00bb][et_pb_text _builder_version=\u00bb4.22.1&#8243; _module_preset=\u00bbc16985e1-e0d6-4022-964d-e2bfc04fa633&#8243; text_font=\u00bbAnek Telugu|300|||||||\u00bb text_text_color=\u00bb#111820&#8243; header_font=\u00bbAnek Telugu|200|||||||\u00bb header_text_color=\u00bb#111820&#8243; header_font_size=\u00bb50px\u00bb custom_margin=\u00bb||30px||false|false\u00bb header_font_tablet=\u00bbAnek Telugu|200|||||||\u00bb header_font_phone=\u00bbAnek Telugu|200|||||||\u00bb header_font_last_edited=\u00bbon|phone\u00bb header_font_size_tablet=\u00bb40px\u00bb header_font_size_phone=\u00bb44px\u00bb header_font_size_last_edited=\u00bbon|desktop\u00bb global_colors_info=\u00bb{}\u00bb]<h1>Dise\u00f1o<br \/><strong>&amp; branding<\/strong><\/h1>[\/et_pb_text][et_pb_text _builder_version=\u00bb4.22.1&#8243; _module_preset=\u00bb1f09816e-184e-4ce5-a4cf-b39c52c423ca\u00bb text_font=\u00bbNanum Gothic||||||||\u00bb text_text_color=\u00bb#111820&#8243; text_line_height=\u00bb1.6em\u00bb width=\u00bb78.2%\u00bb custom_margin=\u00bb||30px||false|false\u00bb custom_padding=\u00bb|25px||||\u00bb text_font_size_tablet=\u00bb15px\u00bb text_font_size_phone=\u00bb14px\u00bb text_font_size_last_edited=\u00bbon|phone\u00bb header_font_size_tablet=\u00bb55px\u00bb header_font_size_last_edited=\u00bboff|desktop\u00bb global_colors_info=\u00bb{}\u00bb]<p><span>Desarrollamos una <strong>comunicaci\u00f3n visual efectiva<\/strong> y coherente con los objetivos de cada organizaci\u00f3n, dotando al cliente de una identidad gr\u00e1fica a todo nivel. Realizamos campa\u00f1as que combinan <strong>creatividad y funcionalidad<\/strong> , gracias al trabajo de un equipo experimentado y enfocado en la calidad.<\/span><\/p>\n<p><span> Al servicio de las comunicaciones estrat\u00e9gicas, trabajamos en tres grandes \u00e1reas: <strong>Comunicaci\u00f3n institucional y Branding<\/strong>, <strong>Endomarketing<\/strong> y <strong>Dise\u00f1o Operacional<\/strong>.<\/span><\/p>[\/et_pb_text][et_pb_button button_url=\u00bbhttps:\/\/puntonorte.cl\/web\/portafolio\/\u00bb button_text=\u00bbVer nuestro portafolio\u00bb button_alignment=\u00bbleft\u00bb _builder_version=\u00bb4.22.1&#8243; _module_preset=\u00bbdefault\u00bb custom_button=\u00bbon\u00bb button_text_size=\u00bb15px\u00bb button_text_color=\u00bb#111820&#8243; button_border_width=\u00bb1.5px\u00bb button_border_color=\u00bb#111820&#8243; button_border_radius=\u00bb40px\u00bb button_letter_spacing=\u00bb1px\u00bb button_font=\u00bbAnek Telugu||||||||\u00bb button_icon=\u00bb&#x24;||divi||400&#8243; custom_margin=\u00bb5%||||false|false\u00bb custom_padding=\u00bb1%|5%|0%|4%|false|false\u00bb locked=\u00bboff\u00bb global_colors_info=\u00bb{}\u00bb][\/et_pb_button][et_pb_button button_url=\u00bbhttps:\/\/puntonorte.cl\/web\u00bb button_text=\u00bbir a inicio\u00bb _builder_version=\u00bb4.22.1&#8243; _module_preset=\u00bbdefault\u00bb custom_button=\u00bbon\u00bb button_text_size=\u00bb16px\u00bb button_text_color=\u00bb#000000&#8243; button_bg_color=\u00bbRGBA(255,255,255,0)\u00bb button_border_width=\u00bb0px\u00bb button_letter_spacing=\u00bb2px\u00bb button_icon=\u00bb&#x23;||divi||400&#8243; button_icon_color=\u00bb#140005&#8243; button_icon_placement=\u00bbleft\u00bb custom_margin=\u00bb5%||||false|false\u00bb global_colors_info=\u00bb{}\u00bb][\/et_pb_button][\/et_pb_column][\/et_pb_row][\/et_pb_section][et_pb_section fb_built=\u00bb1&#8243; admin_label=\u00bbNeighborhoods\u00bb _builder_version=\u00bb4.22.1&#8243; _module_preset=\u00bbdefault\u00bb custom_padding=\u00bb0px||0px||true|\u00bb hover_enabled=\u00bb0&#8243; da_disable_devices=\u00bboff|off|off\u00bb global_colors_info=\u00bb{}\u00bb sticky_enabled=\u00bb0&#8243; da_is_popup=\u00bboff\u00bb da_exit_intent=\u00bboff\u00bb da_has_close=\u00bbon\u00bb da_alt_close=\u00bboff\u00bb da_dark_close=\u00bboff\u00bb da_not_modal=\u00bbon\u00bb da_is_singular=\u00bboff\u00bb da_with_loader=\u00bboff\u00bb da_has_shadow=\u00bbon\u00bb][et_pb_row column_structure=\u00bb1_3,1_3,1_3&#8243; use_custom_gutter=\u00bbon\u00bb gutter_width=\u00bb1&#8243; make_equal=\u00bbon\u00bb _builder_version=\u00bb4.22.1&#8243; _module_preset=\u00bbdefault\u00bb width=\u00bb100%\u00bb max_width=\u00bbnone\u00bb custom_padding=\u00bb0px||0px||true|false\u00bb hover_enabled=\u00bb0&#8243; global_colors_info=\u00bb{}\u00bb sticky_enabled=\u00bb0&#8243;][et_pb_column type=\u00bb1_3&#8243; _builder_version=\u00bb4.22.1&#8243; _module_preset=\u00bbdefault\u00bb background_color=\u00bb#06324c\u00bb background_enable_image=\u00bboff\u00bb custom_padding=\u00bb8%|4%|8%|4%|true|true\u00bb hover_enabled=\u00bb0&#8243; global_colors_info=\u00bb{}\u00bb background__hover_enabled=\u00bbon|hover\u00bb background_color_gradient_stops__hover=\u00bbrgba(0,0,0,0.3) 0%|rgba(0,0,0,0.8) 100%\u00bb use_background_color_gradient__hover=\u00bbon\u00bb sticky_enabled=\u00bb0&#8243;][et_pb_image src=\u00bbhttps:\/\/www.puntonorte.cl\/wp-content\/uploads\/2018\/05\/institucional.png\u00bb _builder_version=\u00bb4.22.1&#8243; _module_preset=\u00bbdefault\u00bb width=\u00bb24%\u00bb custom_margin=\u00bb||5%||false|false\u00bb hover_enabled=\u00bb0&#8243; global_colors_info=\u00bb{}\u00bb sticky_enabled=\u00bb0&#8243;][\/et_pb_image][et_pb_text _builder_version=\u00bb4.22.1&#8243; _module_preset=\u00bbaaa7c440-590a-4078-ae0c-0f3c699ac51c\u00bb text_font_size=\u00bb17px\u00bb header_font=\u00bbAnek Telugu||||||||\u00bb header_font_size=\u00bb58px\u00bb header_2_font=\u00bb|300|||||||\u00bb header_2_font_size=\u00bb29px\u00bb header_2_letter_spacing=\u00bb1px\u00bb header_3_font=\u00bbPlayfair Display|700|||||||\u00bb header_3_text_color=\u00bb#FFFFFF\u00bb header_3_font_size=\u00bb25px\u00bb header_3_line_height=\u00bb1.4em\u00bb text_orientation=\u00bbcenter\u00bb hover_enabled=\u00bb0&#8243; header_3_font_size_tablet=\u00bb20px\u00bb header_3_font_size_phone=\u00bb16px\u00bb header_3_font_size_last_edited=\u00bbon|phone\u00bb global_colors_info=\u00bb{}\u00bb sticky_enabled=\u00bb0&#8243;]<h2 style=\"text-align: left;\"><strong><span style=\"color: #ffffff;\">Comunicaci\u00f3n<\/span><\/strong><br \/><strong><span style=\"color: #ffffff;\"><strong>Institucional<\/strong><\/span><\/strong><span style=\"color: #ffffff;\"> <br \/>&amp; Branding<\/span><\/h2>[\/et_pb_text][et_pb_text _builder_version=\u00bb4.22.1&#8243; _module_preset=\u00bbdefault\u00bb text_font=\u00bbAnek Telugu||||||||\u00bb text_text_color=\u00bb#ffffff\u00bb text_font_size=\u00bb15px\u00bb text_line_height=\u00bb1.4em\u00bb global_colors_info=\u00bb{}\u00bb]<div class=\"desc_wrapper\">\n<div class=\"desc\"><span>Desarrollo de la identidad visual de la organizaci\u00f3n aplicada a campa\u00f1as o acciones asociadas a la estrategia y la comunicaci\u00f3n del valor de la marca.<\/span><\/div>\n<\/div>[\/et_pb_text][\/et_pb_column][et_pb_column type=\u00bb1_3&#8243; _builder_version=\u00bb4.22.1&#8243; _module_preset=\u00bbdefault\u00bb background_color=\u00bb#001e42&#8243; background_enable_image=\u00bboff\u00bb custom_padding=\u00bb8%|4%|8%|4%|true|true\u00bb global_colors_info=\u00bb{}\u00bb background__hover_enabled=\u00bbon|hover\u00bb background_color_gradient_stops__hover=\u00bbrgba(0,0,0,0.3) 0%|rgba(0,0,0,0.8) 100%\u00bb use_background_color_gradient__hover=\u00bbon\u00bb][et_pb_image src=\u00bbhttps:\/\/www.puntonorte.cl\/wp-content\/uploads\/2018\/05\/endomarketing.png\u00bb _builder_version=\u00bb4.22.1&#8243; _module_preset=\u00bbdefault\u00bb width=\u00bb24%\u00bb custom_margin=\u00bb||5%||false|false\u00bb global_colors_info=\u00bb{}\u00bb][\/et_pb_image][et_pb_text _builder_version=\u00bb4.22.1&#8243; _module_preset=\u00bbaaa7c440-590a-4078-ae0c-0f3c699ac51c\u00bb text_font_size=\u00bb17px\u00bb header_font=\u00bbAnek Telugu|700|||||||\u00bb header_font_size=\u00bb58px\u00bb header_2_font=\u00bb|300|||||||\u00bb header_2_font_size=\u00bb29px\u00bb header_2_letter_spacing=\u00bb1px\u00bb header_3_font=\u00bbPlayfair Display|700|||||||\u00bb header_3_text_color=\u00bb#FFFFFF\u00bb header_3_font_size=\u00bb25px\u00bb header_3_line_height=\u00bb1.4em\u00bb text_orientation=\u00bbcenter\u00bb header_3_font_size_tablet=\u00bb20px\u00bb header_3_font_size_phone=\u00bb16px\u00bb header_3_font_size_last_edited=\u00bbon|phone\u00bb global_colors_info=\u00bb{}\u00bb]<h2 style=\"text-align: left;\"><strong><span style=\"color: #ffffff;\">Endomarketing<\/span><\/strong><\/h2>[\/et_pb_text][et_pb_text _builder_version=\u00bb4.22.1&#8243; _module_preset=\u00bbdefault\u00bb text_font=\u00bbAnek Telugu||||||||\u00bb text_text_color=\u00bb#ffffff\u00bb text_font_size=\u00bb15px\u00bb text_line_height=\u00bb1.4em\u00bb global_colors_info=\u00bb{}\u00bb]<div class=\"desc_wrapper\">\n<div class=\"desc\">\n<div class=\"column mcb-column mcb-item-1d0d8ee90 one column_icon_box\">\n<div class=\"icon_box icon_position_left no_border\">\n<div class=\"desc_wrapper\">\n<div class=\"desc\"><span>Dise\u00f1o de herramientas de comunicaci\u00f3n orientadas a la promoci\u00f3n de acciones o productos internos de acuerdo a un objetivo estrat\u00e9gico.<\/span><\/div>\n<\/div>\n<\/div>\n<\/div>\n<\/div>\n<\/div>[\/et_pb_text][et_pb_image src=\u00bbhttps:\/\/www.puntonorte.cl\/wp-content\/uploads\/2018\/05\/institucional.png\u00bb _builder_version=\u00bb4.22.1&#8243; _module_preset=\u00bbdefault\u00bb width=\u00bb24%\u00bb custom_margin=\u00bb||5%||false|false\u00bb custom_padding=\u00bb|||559px||\u00bb global_colors_info=\u00bb{}\u00bb][\/et_pb_image][\/et_pb_column][et_pb_column type=\u00bb1_3&#8243; _builder_version=\u00bb4.22.1&#8243; _module_preset=\u00bbdefault\u00bb background_color=\u00bb#111820&#8243; background_enable_image=\u00bboff\u00bb custom_padding=\u00bb8%|4%|8%|4%|true|true\u00bb global_colors_info=\u00bb{}\u00bb background__hover_enabled=\u00bbon|hover\u00bb background_color_gradient_stops__hover=\u00bbrgba(0,0,0,0.3) 0%|rgba(0,0,0,0.8) 100%\u00bb use_background_color_gradient__hover=\u00bbon\u00bb][et_pb_image src=\u00bbhttps:\/\/www.puntonorte.cl\/wp-content\/uploads\/2018\/05\/operacional.png\u00bb _builder_version=\u00bb4.22.1&#8243; _module_preset=\u00bbdefault\u00bb width=\u00bb24%\u00bb custom_margin=\u00bb||5%||false|false\u00bb global_colors_info=\u00bb{}\u00bb][\/et_pb_image][et_pb_text _builder_version=\u00bb4.22.1&#8243; _module_preset=\u00bbaaa7c440-590a-4078-ae0c-0f3c699ac51c\u00bb text_font_size=\u00bb17px\u00bb header_font=\u00bbAnek Telugu||||||||\u00bb header_font_size=\u00bb58px\u00bb header_2_font=\u00bb|300|||||||\u00bb header_2_font_size=\u00bb29px\u00bb header_2_letter_spacing=\u00bb1px\u00bb header_3_font=\u00bbPlayfair Display|700|||||||\u00bb header_3_text_color=\u00bb#FFFFFF\u00bb header_3_font_size=\u00bb25px\u00bb header_3_line_height=\u00bb1.4em\u00bb text_orientation=\u00bbcenter\u00bb header_3_font_size_tablet=\u00bb20px\u00bb header_3_font_size_phone=\u00bb16px\u00bb header_3_font_size_last_edited=\u00bbon|phone\u00bb global_colors_info=\u00bb{}\u00bb]<h2 style=\"text-align: left;\"><span style=\"color: #ffffff;\"><strong>Dise\u00f1o<\/strong><br \/>Operacional<\/span><\/h2>[\/et_pb_text][et_pb_text _builder_version=\u00bb4.22.1&#8243; _module_preset=\u00bbdefault\u00bb text_font=\u00bbAnek Telugu||||||||\u00bb text_text_color=\u00bb#ffffff\u00bb text_font_size=\u00bb15px\u00bb text_line_height=\u00bb1.4em\u00bb global_colors_info=\u00bb{}\u00bb]<div class=\"desc_wrapper\">\n<div class=\"desc\">\n<div class=\"desc_wrapper\">\n<div class=\"desc\"><span>Desarrollo de piezas gr\u00e1ficas especialmente dise\u00f1adas para acompa\u00f1ar procesos propios de la operaci\u00f3n y entregar mensajes asociados al quehacer cotidiano de la compa\u00f1\u00eda o instituci\u00f3n.<\/span><\/div>\n<\/div>\n<\/div>\n<\/div>[\/et_pb_text][\/et_pb_column][\/et_pb_row][\/et_pb_section]\n","protected":false},"excerpt":{"rendered":"<p>Dise\u00f1o&amp; brandingDesarrollamos una comunicaci\u00f3n visual efectiva y coherente con los objetivos de cada organizaci\u00f3n, dotando al cliente de una identidad gr\u00e1fica a todo nivel. Realizamos campa\u00f1as que combinan creatividad y funcionalidad , gracias al trabajo de un equipo experimentado y enfocado en la calidad. Al servicio de las comunicaciones estrat\u00e9gicas, trabajamos en tres grandes \u00e1reas: [&hellip;]<\/p>\n","protected":false},"author":1,"featured_media":0,"parent":0,"menu_order":0,"comment_status":"closed","ping_status":"closed","template":"","meta":{"_et_pb_use_builder":"on","_et_pb_old_content":"","_et_gb_content_width":"","footnotes":""},"class_list":["post-4472","page","type-page","status-publish","hentry"],"yoast_head":"<!-- This site is optimized with the Yoast SEO plugin v27.2 - https:\/\/yoast.com\/product\/yoast-seo-wordpress\/ -->\n<title>Dise\u00f1o &amp; Branding - Puntonorte Comunicaciones<\/title>\n<meta name=\"description\" content=\"Dise\u00f1o &amp; Branding: Comunicaci\u00f3n visual alineada con tus objetivos, ofreciendo identidad gr\u00e1fica y campa\u00f1as creativas en \u00e1reas estrat\u00e9gicas.\" \/>\n<meta name=\"robots\" content=\"index, follow, max-snippet:-1, max-image-preview:large, max-video-preview:-1\" \/>\n<link rel=\"canonical\" href=\"https:\/\/puntonorte.cl\/web\/diseno-branding\/\" \/>\n<meta property=\"og:locale\" content=\"es_ES\" \/>\n<meta property=\"og:type\" content=\"article\" \/>\n<meta property=\"og:title\" content=\"Dise\u00f1o &amp; Branding - Puntonorte Comunicaciones\" \/>\n<meta property=\"og:description\" content=\"Dise\u00f1o &amp; Branding: Comunicaci\u00f3n visual alineada con tus objetivos, ofreciendo identidad gr\u00e1fica y campa\u00f1as creativas en \u00e1reas estrat\u00e9gicas.\" \/>\n<meta property=\"og:url\" content=\"https:\/\/puntonorte.cl\/web\/diseno-branding\/\" \/>\n<meta property=\"og:site_name\" content=\"Puntonorte Comunicaciones\" \/>\n<meta property=\"article:modified_time\" content=\"2024-04-21T17:13:28+00:00\" \/>\n<meta name=\"twitter:card\" content=\"summary_large_image\" \/>\n<meta name=\"twitter:label1\" content=\"Tiempo de lectura\" \/>\n\t<meta name=\"twitter:data1\" content=\"2 minutos\" \/>\n<script type=\"application\/ld+json\" class=\"yoast-schema-graph\">{\"@context\":\"https:\/\/schema.org\",\"@graph\":[{\"@type\":\"WebPage\",\"@id\":\"https:\/\/puntonorte.cl\/web\/diseno-branding\/\",\"url\":\"https:\/\/puntonorte.cl\/web\/diseno-branding\/\",\"name\":\"Dise\u00f1o &amp; Branding - Puntonorte Comunicaciones\",\"isPartOf\":{\"@id\":\"https:\/\/puntonorte.cl\/web\/#website\"},\"datePublished\":\"2023-10-24T18:17:37+00:00\",\"dateModified\":\"2024-04-21T17:13:28+00:00\",\"description\":\"Dise\u00f1o & Branding: Comunicaci\u00f3n visual alineada con tus objetivos, ofreciendo identidad gr\u00e1fica y campa\u00f1as creativas en \u00e1reas estrat\u00e9gicas.\",\"breadcrumb\":{\"@id\":\"https:\/\/puntonorte.cl\/web\/diseno-branding\/#breadcrumb\"},\"inLanguage\":\"es\",\"potentialAction\":[{\"@type\":\"ReadAction\",\"target\":[\"https:\/\/puntonorte.cl\/web\/diseno-branding\/\"]}]},{\"@type\":\"BreadcrumbList\",\"@id\":\"https:\/\/puntonorte.cl\/web\/diseno-branding\/#breadcrumb\",\"itemListElement\":[{\"@type\":\"ListItem\",\"position\":1,\"name\":\"Portada\",\"item\":\"https:\/\/puntonorte.cl\/web\/\"},{\"@type\":\"ListItem\",\"position\":2,\"name\":\"Dise\u00f1o &amp; Branding\"}]},{\"@type\":\"WebSite\",\"@id\":\"https:\/\/puntonorte.cl\/web\/#website\",\"url\":\"https:\/\/puntonorte.cl\/web\/\",\"name\":\"Puntonorte Comunicaciones\",\"description\":\"Consultora de Comunicaciones Estrat\u00e9gicas\",\"publisher\":{\"@id\":\"https:\/\/puntonorte.cl\/web\/#organization\"},\"alternateName\":\"puntonorte\",\"potentialAction\":[{\"@type\":\"SearchAction\",\"target\":{\"@type\":\"EntryPoint\",\"urlTemplate\":\"https:\/\/puntonorte.cl\/web\/?s={search_term_string}\"},\"query-input\":{\"@type\":\"PropertyValueSpecification\",\"valueRequired\":true,\"valueName\":\"search_term_string\"}}],\"inLanguage\":\"es\"},{\"@type\":\"Organization\",\"@id\":\"https:\/\/puntonorte.cl\/web\/#organization\",\"name\":\"Puntonorte Comunicaciones\",\"alternateName\":\"puntonorte\",\"url\":\"https:\/\/puntonorte.cl\/web\/\",\"logo\":{\"@type\":\"ImageObject\",\"inLanguage\":\"es\",\"@id\":\"https:\/\/puntonorte.cl\/web\/#\/schema\/logo\/image\/\",\"url\":\"https:\/\/puntonorte.cl\/web\/wp-content\/uploads\/2023\/06\/LOGO-PN.png\",\"contentUrl\":\"https:\/\/puntonorte.cl\/web\/wp-content\/uploads\/2023\/06\/LOGO-PN.png\",\"width\":224,\"height\":66,\"caption\":\"Puntonorte Comunicaciones\"},\"image\":{\"@id\":\"https:\/\/puntonorte.cl\/web\/#\/schema\/logo\/image\/\"}}]}<\/script>\n<!-- \/ Yoast SEO plugin. -->","yoast_head_json":{"title":"Dise\u00f1o &amp; Branding - Puntonorte Comunicaciones","description":"Dise\u00f1o & Branding: Comunicaci\u00f3n visual alineada con tus objetivos, ofreciendo identidad gr\u00e1fica y campa\u00f1as creativas en \u00e1reas estrat\u00e9gicas.","robots":{"index":"index","follow":"follow","max-snippet":"max-snippet:-1","max-image-preview":"max-image-preview:large","max-video-preview":"max-video-preview:-1"},"canonical":"https:\/\/puntonorte.cl\/web\/diseno-branding\/","og_locale":"es_ES","og_type":"article","og_title":"Dise\u00f1o &amp; Branding - Puntonorte Comunicaciones","og_description":"Dise\u00f1o & Branding: Comunicaci\u00f3n visual alineada con tus objetivos, ofreciendo identidad gr\u00e1fica y campa\u00f1as creativas en \u00e1reas estrat\u00e9gicas.","og_url":"https:\/\/puntonorte.cl\/web\/diseno-branding\/","og_site_name":"Puntonorte Comunicaciones","article_modified_time":"2024-04-21T17:13:28+00:00","twitter_card":"summary_large_image","twitter_misc":{"Tiempo de lectura":"2 minutos"},"schema":{"@context":"https:\/\/schema.org","@graph":[{"@type":"WebPage","@id":"https:\/\/puntonorte.cl\/web\/diseno-branding\/","url":"https:\/\/puntonorte.cl\/web\/diseno-branding\/","name":"Dise\u00f1o &amp; Branding - Puntonorte Comunicaciones","isPartOf":{"@id":"https:\/\/puntonorte.cl\/web\/#website"},"datePublished":"2023-10-24T18:17:37+00:00","dateModified":"2024-04-21T17:13:28+00:00","description":"Dise\u00f1o & Branding: Comunicaci\u00f3n visual alineada con tus objetivos, ofreciendo identidad gr\u00e1fica y campa\u00f1as creativas en \u00e1reas estrat\u00e9gicas.","breadcrumb":{"@id":"https:\/\/puntonorte.cl\/web\/diseno-branding\/#breadcrumb"},"inLanguage":"es","potentialAction":[{"@type":"ReadAction","target":["https:\/\/puntonorte.cl\/web\/diseno-branding\/"]}]},{"@type":"BreadcrumbList","@id":"https:\/\/puntonorte.cl\/web\/diseno-branding\/#breadcrumb","itemListElement":[{"@type":"ListItem","position":1,"name":"Portada","item":"https:\/\/puntonorte.cl\/web\/"},{"@type":"ListItem","position":2,"name":"Dise\u00f1o &amp; Branding"}]},{"@type":"WebSite","@id":"https:\/\/puntonorte.cl\/web\/#website","url":"https:\/\/puntonorte.cl\/web\/","name":"Puntonorte Comunicaciones","description":"Consultora de Comunicaciones Estrat\u00e9gicas","publisher":{"@id":"https:\/\/puntonorte.cl\/web\/#organization"},"alternateName":"puntonorte","potentialAction":[{"@type":"SearchAction","target":{"@type":"EntryPoint","urlTemplate":"https:\/\/puntonorte.cl\/web\/?s={search_term_string}"},"query-input":{"@type":"PropertyValueSpecification","valueRequired":true,"valueName":"search_term_string"}}],"inLanguage":"es"},{"@type":"Organization","@id":"https:\/\/puntonorte.cl\/web\/#organization","name":"Puntonorte Comunicaciones","alternateName":"puntonorte","url":"https:\/\/puntonorte.cl\/web\/","logo":{"@type":"ImageObject","inLanguage":"es","@id":"https:\/\/puntonorte.cl\/web\/#\/schema\/logo\/image\/","url":"https:\/\/puntonorte.cl\/web\/wp-content\/uploads\/2023\/06\/LOGO-PN.png","contentUrl":"https:\/\/puntonorte.cl\/web\/wp-content\/uploads\/2023\/06\/LOGO-PN.png","width":224,"height":66,"caption":"Puntonorte Comunicaciones"},"image":{"@id":"https:\/\/puntonorte.cl\/web\/#\/schema\/logo\/image\/"}}]}},"_links":{"self":[{"href":"https:\/\/puntonorte.cl\/web\/wp-json\/wp\/v2\/pages\/4472","targetHints":{"allow":["GET"]}}],"collection":[{"href":"https:\/\/puntonorte.cl\/web\/wp-json\/wp\/v2\/pages"}],"about":[{"href":"https:\/\/puntonorte.cl\/web\/wp-json\/wp\/v2\/types\/page"}],"author":[{"embeddable":true,"href":"https:\/\/puntonorte.cl\/web\/wp-json\/wp\/v2\/users\/1"}],"replies":[{"embeddable":true,"href":"https:\/\/puntonorte.cl\/web\/wp-json\/wp\/v2\/comments?post=4472"}],"version-history":[{"count":0,"href":"https:\/\/puntonorte.cl\/web\/wp-json\/wp\/v2\/pages\/4472\/revisions"}],"wp:attachment":[{"href":"https:\/\/puntonorte.cl\/web\/wp-json\/wp\/v2\/media?parent=4472"}],"curies":[{"name":"wp","href":"https:\/\/api.w.org\/{rel}","templated":true}]}}