{"id":1779,"date":"2023-08-22T02:19:17","date_gmt":"2023-08-22T02:19:17","guid":{"rendered":"https:\/\/puntonorte.cl\/web\/?page_id=1779"},"modified":"2024-04-21T17:13:43","modified_gmt":"2024-04-21T17:13:43","slug":"experiencias-creando-comunicacion-para-cada-necesidad","status":"publish","type":"page","link":"https:\/\/puntonorte.cl\/web\/experiencias-creando-comunicacion-para-cada-necesidad\/","title":{"rendered":"Experiencias"},"content":{"rendered":"\n[et_pb_section fb_built=\u00bb1&#8243; _builder_version=\u00bb4.22.1&#8243; _module_preset=\u00bbdefault\u00bb background_color=\u00bb#111820&#8243; transform_translate=\u00bb0px|-40px\u00bb transform_translate_linked=\u00bboff\u00bb min_height=\u00bb583.8px\u00bb overflow-x=\u00bbvisible\u00bb overflow-y=\u00bbvisible\u00bb custom_margin=\u00bb||4px||false|false\u00bb custom_padding=\u00bb||120px||false|false\u00bb animation_direction=\u00bbbottom\u00bb da_disable_devices=\u00bboff|off|off\u00bb border_radii=\u00bboff|||35px|35px\u00bb global_colors_info=\u00bb{}\u00bb da_is_popup=\u00bboff\u00bb da_exit_intent=\u00bboff\u00bb da_has_close=\u00bbon\u00bb da_alt_close=\u00bboff\u00bb da_dark_close=\u00bboff\u00bb da_not_modal=\u00bbon\u00bb da_is_singular=\u00bboff\u00bb da_with_loader=\u00bboff\u00bb da_has_shadow=\u00bbon\u00bb][et_pb_row _builder_version=\u00bb4.22.1&#8243; _module_preset=\u00bbdefault\u00bb custom_margin=\u00bb||||false|false\u00bb global_colors_info=\u00bb{}\u00bb][et_pb_column type=\u00bb4_4&#8243; _builder_version=\u00bb4.21.0&#8243; _module_preset=\u00bbdefault\u00bb global_colors_info=\u00bb{}\u00bb][et_pb_text _builder_version=\u00bb4.22.1&#8243; _module_preset=\u00bbdefault\u00bb text_text_color=\u00bb#d5d1cb\u00bb text_font_size=\u00bb30px\u00bb text_letter_spacing=\u00bb2px\u00bb text_line_height=\u00bb1.3em\u00bb text_orientation=\u00bbcenter\u00bb custom_padding=\u00bb6.4%|15%||15%|false|false\u00bb animation_style=\u00bbzoom\u00bb animation_duration=\u00bb1400ms\u00bb text_font_size_tablet=\u00bb30px\u00bb text_font_size_phone=\u00bb21px\u00bb text_font_size_last_edited=\u00bbon|phone\u00bb global_colors_info=\u00bb{}\u00bb]<p>HEMOS ACOMPA\u00d1ADO A UNA DIVERSIDAD IMPORTANTE DE ORGANIZACIONES, DESARROLLANDO LA<strong><br \/>COMUNICACI\u00d3N ADECUADA PARA CADA MOMENTO Y NECESIDAD<\/strong><\/p>[\/et_pb_text][\/et_pb_column][\/et_pb_row][et_pb_row _builder_version=\u00bb4.22.1&#8243; _module_preset=\u00bbdefault\u00bb transform_translate=\u00bb0px|-46px\u00bb transform_translate_linked=\u00bboff\u00bb custom_margin=\u00bb2%||||false|false\u00bb global_colors_info=\u00bb{}\u00bb][et_pb_column type=\u00bb4_4&#8243; _builder_version=\u00bb4.21.0&#8243; _module_preset=\u00bbdefault\u00bb global_colors_info=\u00bb{}\u00bb][et_pb_text _builder_version=\u00bb4.22.1&#8243; _module_preset=\u00bbdefault\u00bb text_text_color=\u00bb#d5d1cb\u00bb text_font_size=\u00bb27px\u00bb text_letter_spacing=\u00bb2px\u00bb text_line_height=\u00bb1.2em\u00bb text_orientation=\u00bbcenter\u00bb animation_style=\u00bbfade\u00bb animation_duration=\u00bb1400ms\u00bb animation_delay=\u00bb1400ms\u00bb text_font_size_tablet=\u00bb27px\u00bb text_font_size_phone=\u00bb21px\u00bb text_font_size_last_edited=\u00bbon|phone\u00bb global_colors_info=\u00bb{}\u00bb]<p>Aqu\u00ed algunas experiencias con quienes nos han preferido<\/p>[\/et_pb_text][\/et_pb_column][\/et_pb_row][\/et_pb_section][et_pb_section fb_built=\u00bb1&#8243; _builder_version=\u00bb4.22.1&#8243; _module_preset=\u00bbdefault\u00bb background_color=\u00bbRGBA(255,255,255,0)\u00bb min_height=\u00bb863.9px\u00bb custom_margin=\u00bb||-10%||false|false\u00bb da_disable_devices=\u00bboff|off|off\u00bb global_colors_info=\u00bb{}\u00bb da_is_popup=\u00bboff\u00bb da_exit_intent=\u00bboff\u00bb da_has_close=\u00bbon\u00bb da_alt_close=\u00bboff\u00bb da_dark_close=\u00bboff\u00bb da_not_modal=\u00bbon\u00bb da_is_singular=\u00bboff\u00bb da_with_loader=\u00bboff\u00bb da_has_shadow=\u00bbon\u00bb][et_pb_row use_custom_gutter=\u00bbon\u00bb make_equal=\u00bbon\u00bb _builder_version=\u00bb4.22.1&#8243; _module_preset=\u00bbdefault\u00bb width=\u00bb85%\u00bb max_width=\u00bb95%\u00bb min_height=\u00bb927.9px\u00bb custom_margin=\u00bb-30%||||false|false\u00bb custom_margin_tablet=\u00bb-266px||||false|false\u00bb custom_margin_phone=\u00bb-54%||||false|false\u00bb custom_margin_last_edited=\u00bbon|phone\u00bb custom_padding=\u00bb||0px||false|false\u00bb animation_direction=\u00bbbottom\u00bb hover_enabled=\u00bb0&#8243; global_colors_info=\u00bb{}\u00bb sticky_enabled=\u00bb0&#8243;][et_pb_column type=\u00bb4_4&#8243; _builder_version=\u00bb4.22.1&#8243; _module_preset=\u00bbdefault\u00bb global_colors_info=\u00bb{}\u00bb][et_pb_portfolio posts_number=\u00bb12&#8243; include_categories=\u00bb15&#8243; show_categories=\u00bboff\u00bb _builder_version=\u00bb4.22.1&#8243; _module_preset=\u00bbdefault\u00bb title_font=\u00bb|300||on|||||\u00bb title_font_size=\u00bb20px\u00bb title_letter_spacing=\u00bb1px\u00bb title_line_height=\u00bb1.2em\u00bb custom_margin=\u00bb-40px|0px|20px|0px|false|false\u00bb custom_margin_tablet=\u00bb-40px|0px|20px|0px|false|false\u00bb custom_margin_phone=\u00bb-70px||||false|false\u00bb custom_margin_last_edited=\u00bbon|desktop\u00bb custom_padding=\u00bb5px|0px|24px|0px|false|false\u00bb animation_style=\u00bbfade\u00bb animation_duration=\u00bb1050ms\u00bb animation_delay=\u00bb2000ms\u00bb custom_css_main_element=\u00bbcolumn-count: 3;||column-gap: 30px;||||\u00bb custom_css_portfolio_image=\u00bbheight: 100%;||width: 100%;||object-fit: cover;||||\u00bb custom_css_portfolio_title=\u00bbpadding:20px 0 20px 0px;\u00bb border_color_all=\u00bbRGBA(255,255,255,0)\u00bb border_width_top=\u00bb30px\u00bb border_width_bottom=\u00bb1px\u00bb border_color_bottom=\u00bb#111820&#8243; border_radii_image=\u00bbon|20px|20px|20px|20px\u00bb border_color_all_image=\u00bb#111820&#8243; border_style_all_image=\u00bbdashed\u00bb global_colors_info=\u00bb{}\u00bb custom_css_main_element_last_edited=\u00bbon|tablet\u00bb custom_css_main_element_phone=\u00bbcolumn-count: 1;||\u00bb custom_css_main_element_tablet=\u00bbcolumn-count: 2;||\u00bb transform_styles__hover_enabled=\u00bbon|desktop\u00bb transform_scale__hover_enabled=\u00bbon|desktop\u00bb transform_translate__hover_enabled=\u00bbon|desktop\u00bb transform_rotate__hover_enabled=\u00bbon|desktop\u00bb transform_skew__hover_enabled=\u00bbon|hover\u00bb transform_origin__hover_enabled=\u00bbon|desktop\u00bb child_filter_invert__hover_enabled=\u00bbon|hover\u00bb child_filter_sepia__hover_enabled=\u00bbon|hover\u00bb child_filter_invert__hover=\u00bb0%\u00bb child_mix_blend_mode__hover_enabled=\u00bbon|hover\u00bb child_mix_blend_mode__hover=\u00bbnormal\u00bb border_width_all_image__hover_enabled=\u00bbon|hover\u00bb border_width_all_image__hover=\u00bb0px\u00bb child_filter_blur__hover_enabled=\u00bbon|hover\u00bb child_filter_blur__hover=\u00bb0px\u00bb child_filter_saturate__hover_enabled=\u00bbon|hover\u00bb child_filter_saturate__hover=\u00bb100%\u00bb child_filter_contrast__hover_enabled=\u00bbon|desktop\u00bb child_filter_contrast__hover=\u00bb100%\u00bb child_filter_sepia__hover=\u00bb0%\u00bb child_filter_brightness__hover_enabled=\u00bbon|hover\u00bb child_filter_brightness__hover=\u00bb126%\u00bb][\/et_pb_portfolio][\/et_pb_column][\/et_pb_row][\/et_pb_section][et_pb_section fb_built=\u00bb1&#8243; _builder_version=\u00bb4.22.1&#8243; _module_preset=\u00bbdefault\u00bb min_height=\u00bb36.3px\u00bb custom_margin=\u00bb0px||||false|false\u00bb custom_padding=\u00bb5px||0px|||\u00bb da_disable_devices=\u00bboff|off|off\u00bb locked=\u00bboff\u00bb global_colors_info=\u00bb{}\u00bb da_is_popup=\u00bboff\u00bb da_exit_intent=\u00bboff\u00bb da_has_close=\u00bbon\u00bb da_alt_close=\u00bboff\u00bb da_dark_close=\u00bboff\u00bb da_not_modal=\u00bbon\u00bb da_is_singular=\u00bboff\u00bb da_with_loader=\u00bboff\u00bb da_has_shadow=\u00bbon\u00bb][et_pb_row _builder_version=\u00bb4.22.1&#8243; _module_preset=\u00bbdefault\u00bb background_color=\u00bb#111820&#8243; width=\u00bb100%\u00bb max_width=\u00bb2560%\u00bb module_alignment=\u00bbcenter\u00bb height=\u00bb97.8%\u00bb max_height=\u00bb100%\u00bb custom_margin=\u00bb0%||||false|false\u00bb custom_padding=\u00bb5%||0px||false|false\u00bb locked=\u00bboff\u00bb global_colors_info=\u00bb{}\u00bb][et_pb_column type=\u00bb4_4&#8243; _builder_version=\u00bb4.21.0&#8243; _module_preset=\u00bbdefault\u00bb global_colors_info=\u00bb{}\u00bb][et_pb_text _builder_version=\u00bb4.22.1&#8243; _module_preset=\u00bbdefault\u00bb text_text_color=\u00bb#d5d1cb\u00bb text_font_size=\u00bb23px\u00bb text_line_height=\u00bb1.2em\u00bb text_orientation=\u00bbcenter\u00bb width=\u00bb70%\u00bb max_width=\u00bb80%\u00bb module_alignment=\u00bbcenter\u00bb global_colors_info=\u00bb{}\u00bb]<p style=\"text-align: center;\"><strong>Estamos para acompa\u00f1arte<\/strong>. Junt\u00e9monos a tomar un caf\u00e9 cuando quieras.<\/p>[\/et_pb_text][et_pb_button button_url=\u00bb#contacto\u00bb button_text=\u00bbCONVERSEMOS\u00bb button_alignment=\u00bbcenter\u00bb _builder_version=\u00bb4.21.0&#8243; _module_preset=\u00bbdefault\u00bb custom_button=\u00bbon\u00bb button_text_size=\u00bb16px\u00bb button_text_color=\u00bb#d5d1cb\u00bb button_bg_color=\u00bb#111820&#8243; button_border_width=\u00bb1px\u00bb button_border_color=\u00bb#d5d1cb\u00bb button_border_radius=\u00bb20px\u00bb button_letter_spacing=\u00bb1px\u00bb button_font=\u00bbAnek Telugu|200|||||||\u00bb button_icon=\u00bb&#xe03c;||divi||400&#8243; button_icon_color=\u00bb#d5d1cb\u00bb button_on_hover=\u00bboff\u00bb transform_translate=\u00bb0px|-10px\u00bb transform_translate_linked=\u00bboff\u00bb custom_margin=\u00bb48px|0px|48px|0px|true|false\u00bb custom_padding=\u00bb4px|45px|0px|27px|false|false\u00bb sticky_position=\u00bbtop\u00bb global_colors_info=\u00bb{}\u00bb][\/et_pb_button][\/et_pb_column][\/et_pb_row][\/et_pb_section]\n","protected":false},"excerpt":{"rendered":"<p>HEMOS ACOMPA\u00d1ADO A UNA DIVERSIDAD IMPORTANTE DE ORGANIZACIONES, DESARROLLANDO LACOMUNICACI\u00d3N ADECUADA PARA CADA MOMENTO Y NECESIDADAqu\u00ed algunas experiencias con quienes nos han preferidoEstamos para acompa\u00f1arte. Junt\u00e9monos a tomar un caf\u00e9 cuando quieras.<\/p>\n","protected":false},"author":1,"featured_media":0,"parent":0,"menu_order":0,"comment_status":"closed","ping_status":"closed","template":"","meta":{"_et_pb_use_builder":"on","_et_pb_old_content":"","_et_gb_content_width":"","footnotes":""},"class_list":["post-1779","page","type-page","status-publish","hentry"],"yoast_head":"<!-- This site is optimized with the Yoast SEO plugin v27.2 - https:\/\/yoast.com\/product\/yoast-seo-wordpress\/ -->\n<title>Experiencias - Puntonorte Comunicaciones<\/title>\n<meta name=\"description\" content=\"Hemos acompa\u00f1ado a diversas organizaciones creando comunicaci\u00f3n para cada necesidad. Descubre experiencias de quienes nos eligen.\" \/>\n<meta name=\"robots\" content=\"index, follow, max-snippet:-1, max-image-preview:large, max-video-preview:-1\" \/>\n<link rel=\"canonical\" href=\"https:\/\/puntonorte.cl\/web\/experiencias-creando-comunicacion-para-cada-necesidad\/\" \/>\n<meta property=\"og:locale\" content=\"es_ES\" \/>\n<meta property=\"og:type\" content=\"article\" \/>\n<meta property=\"og:title\" content=\"Experiencias - Puntonorte Comunicaciones\" \/>\n<meta property=\"og:description\" content=\"Hemos acompa\u00f1ado a diversas organizaciones creando comunicaci\u00f3n para cada necesidad. Descubre experiencias de quienes nos eligen.\" \/>\n<meta property=\"og:url\" content=\"https:\/\/puntonorte.cl\/web\/experiencias-creando-comunicacion-para-cada-necesidad\/\" \/>\n<meta property=\"og:site_name\" content=\"Puntonorte Comunicaciones\" \/>\n<meta property=\"article:modified_time\" content=\"2024-04-21T17:13:43+00:00\" \/>\n<meta name=\"twitter:card\" content=\"summary_large_image\" \/>\n<meta name=\"twitter:label1\" content=\"Tiempo de lectura\" \/>\n\t<meta name=\"twitter:data1\" content=\"2 minutos\" \/>\n<script type=\"application\/ld+json\" class=\"yoast-schema-graph\">{\"@context\":\"https:\/\/schema.org\",\"@graph\":[{\"@type\":\"WebPage\",\"@id\":\"https:\/\/puntonorte.cl\/web\/experiencias-creando-comunicacion-para-cada-necesidad\/\",\"url\":\"https:\/\/puntonorte.cl\/web\/experiencias-creando-comunicacion-para-cada-necesidad\/\",\"name\":\"Experiencias - Puntonorte Comunicaciones\",\"isPartOf\":{\"@id\":\"https:\/\/puntonorte.cl\/web\/#website\"},\"datePublished\":\"2023-08-22T02:19:17+00:00\",\"dateModified\":\"2024-04-21T17:13:43+00:00\",\"description\":\"Hemos acompa\u00f1ado a diversas organizaciones creando comunicaci\u00f3n para cada necesidad. Descubre experiencias de quienes nos eligen.\",\"breadcrumb\":{\"@id\":\"https:\/\/puntonorte.cl\/web\/experiencias-creando-comunicacion-para-cada-necesidad\/#breadcrumb\"},\"inLanguage\":\"es\",\"potentialAction\":[{\"@type\":\"ReadAction\",\"target\":[\"https:\/\/puntonorte.cl\/web\/experiencias-creando-comunicacion-para-cada-necesidad\/\"]}]},{\"@type\":\"BreadcrumbList\",\"@id\":\"https:\/\/puntonorte.cl\/web\/experiencias-creando-comunicacion-para-cada-necesidad\/#breadcrumb\",\"itemListElement\":[{\"@type\":\"ListItem\",\"position\":1,\"name\":\"Portada\",\"item\":\"https:\/\/puntonorte.cl\/web\/\"},{\"@type\":\"ListItem\",\"position\":2,\"name\":\"Experiencias\"}]},{\"@type\":\"WebSite\",\"@id\":\"https:\/\/puntonorte.cl\/web\/#website\",\"url\":\"https:\/\/puntonorte.cl\/web\/\",\"name\":\"Puntonorte Comunicaciones\",\"description\":\"Consultora de Comunicaciones Estrat\u00e9gicas\",\"publisher\":{\"@id\":\"https:\/\/puntonorte.cl\/web\/#organization\"},\"alternateName\":\"puntonorte\",\"potentialAction\":[{\"@type\":\"SearchAction\",\"target\":{\"@type\":\"EntryPoint\",\"urlTemplate\":\"https:\/\/puntonorte.cl\/web\/?s={search_term_string}\"},\"query-input\":{\"@type\":\"PropertyValueSpecification\",\"valueRequired\":true,\"valueName\":\"search_term_string\"}}],\"inLanguage\":\"es\"},{\"@type\":\"Organization\",\"@id\":\"https:\/\/puntonorte.cl\/web\/#organization\",\"name\":\"Puntonorte Comunicaciones\",\"alternateName\":\"puntonorte\",\"url\":\"https:\/\/puntonorte.cl\/web\/\",\"logo\":{\"@type\":\"ImageObject\",\"inLanguage\":\"es\",\"@id\":\"https:\/\/puntonorte.cl\/web\/#\/schema\/logo\/image\/\",\"url\":\"https:\/\/puntonorte.cl\/web\/wp-content\/uploads\/2023\/06\/LOGO-PN.png\",\"contentUrl\":\"https:\/\/puntonorte.cl\/web\/wp-content\/uploads\/2023\/06\/LOGO-PN.png\",\"width\":224,\"height\":66,\"caption\":\"Puntonorte Comunicaciones\"},\"image\":{\"@id\":\"https:\/\/puntonorte.cl\/web\/#\/schema\/logo\/image\/\"}}]}<\/script>\n<!-- \/ Yoast SEO plugin. -->","yoast_head_json":{"title":"Experiencias - Puntonorte Comunicaciones","description":"Hemos acompa\u00f1ado a diversas organizaciones creando comunicaci\u00f3n para cada necesidad. Descubre experiencias de quienes nos eligen.","robots":{"index":"index","follow":"follow","max-snippet":"max-snippet:-1","max-image-preview":"max-image-preview:large","max-video-preview":"max-video-preview:-1"},"canonical":"https:\/\/puntonorte.cl\/web\/experiencias-creando-comunicacion-para-cada-necesidad\/","og_locale":"es_ES","og_type":"article","og_title":"Experiencias - Puntonorte Comunicaciones","og_description":"Hemos acompa\u00f1ado a diversas organizaciones creando comunicaci\u00f3n para cada necesidad. Descubre experiencias de quienes nos eligen.","og_url":"https:\/\/puntonorte.cl\/web\/experiencias-creando-comunicacion-para-cada-necesidad\/","og_site_name":"Puntonorte Comunicaciones","article_modified_time":"2024-04-21T17:13:43+00:00","twitter_card":"summary_large_image","twitter_misc":{"Tiempo de lectura":"2 minutos"},"schema":{"@context":"https:\/\/schema.org","@graph":[{"@type":"WebPage","@id":"https:\/\/puntonorte.cl\/web\/experiencias-creando-comunicacion-para-cada-necesidad\/","url":"https:\/\/puntonorte.cl\/web\/experiencias-creando-comunicacion-para-cada-necesidad\/","name":"Experiencias - Puntonorte Comunicaciones","isPartOf":{"@id":"https:\/\/puntonorte.cl\/web\/#website"},"datePublished":"2023-08-22T02:19:17+00:00","dateModified":"2024-04-21T17:13:43+00:00","description":"Hemos acompa\u00f1ado a diversas organizaciones creando comunicaci\u00f3n para cada necesidad. Descubre experiencias de quienes nos eligen.","breadcrumb":{"@id":"https:\/\/puntonorte.cl\/web\/experiencias-creando-comunicacion-para-cada-necesidad\/#breadcrumb"},"inLanguage":"es","potentialAction":[{"@type":"ReadAction","target":["https:\/\/puntonorte.cl\/web\/experiencias-creando-comunicacion-para-cada-necesidad\/"]}]},{"@type":"BreadcrumbList","@id":"https:\/\/puntonorte.cl\/web\/experiencias-creando-comunicacion-para-cada-necesidad\/#breadcrumb","itemListElement":[{"@type":"ListItem","position":1,"name":"Portada","item":"https:\/\/puntonorte.cl\/web\/"},{"@type":"ListItem","position":2,"name":"Experiencias"}]},{"@type":"WebSite","@id":"https:\/\/puntonorte.cl\/web\/#website","url":"https:\/\/puntonorte.cl\/web\/","name":"Puntonorte Comunicaciones","description":"Consultora de Comunicaciones Estrat\u00e9gicas","publisher":{"@id":"https:\/\/puntonorte.cl\/web\/#organization"},"alternateName":"puntonorte","potentialAction":[{"@type":"SearchAction","target":{"@type":"EntryPoint","urlTemplate":"https:\/\/puntonorte.cl\/web\/?s={search_term_string}"},"query-input":{"@type":"PropertyValueSpecification","valueRequired":true,"valueName":"search_term_string"}}],"inLanguage":"es"},{"@type":"Organization","@id":"https:\/\/puntonorte.cl\/web\/#organization","name":"Puntonorte Comunicaciones","alternateName":"puntonorte","url":"https:\/\/puntonorte.cl\/web\/","logo":{"@type":"ImageObject","inLanguage":"es","@id":"https:\/\/puntonorte.cl\/web\/#\/schema\/logo\/image\/","url":"https:\/\/puntonorte.cl\/web\/wp-content\/uploads\/2023\/06\/LOGO-PN.png","contentUrl":"https:\/\/puntonorte.cl\/web\/wp-content\/uploads\/2023\/06\/LOGO-PN.png","width":224,"height":66,"caption":"Puntonorte Comunicaciones"},"image":{"@id":"https:\/\/puntonorte.cl\/web\/#\/schema\/logo\/image\/"}}]}},"_links":{"self":[{"href":"https:\/\/puntonorte.cl\/web\/wp-json\/wp\/v2\/pages\/1779","targetHints":{"allow":["GET"]}}],"collection":[{"href":"https:\/\/puntonorte.cl\/web\/wp-json\/wp\/v2\/pages"}],"about":[{"href":"https:\/\/puntonorte.cl\/web\/wp-json\/wp\/v2\/types\/page"}],"author":[{"embeddable":true,"href":"https:\/\/puntonorte.cl\/web\/wp-json\/wp\/v2\/users\/1"}],"replies":[{"embeddable":true,"href":"https:\/\/puntonorte.cl\/web\/wp-json\/wp\/v2\/comments?post=1779"}],"version-history":[{"count":0,"href":"https:\/\/puntonorte.cl\/web\/wp-json\/wp\/v2\/pages\/1779\/revisions"}],"wp:attachment":[{"href":"https:\/\/puntonorte.cl\/web\/wp-json\/wp\/v2\/media?parent=1779"}],"curies":[{"name":"wp","href":"https:\/\/api.w.org\/{rel}","templated":true}]}}