{"id":1414,"date":"2023-08-17T17:03:38","date_gmt":"2023-08-17T17:03:38","guid":{"rendered":"https:\/\/puntonorte.cl\/web\/?page_id=1414"},"modified":"2024-10-03T14:18:16","modified_gmt":"2024-10-03T14:18:16","slug":"hacemos","status":"publish","type":"page","link":"https:\/\/puntonorte.cl\/web\/hacemos\/","title":{"rendered":"Hacemos"},"content":{"rendered":"<p>[et_pb_section fb_built=\u00bb1&#8243; _builder_version=\u00bb4.22.1&#8243; _module_preset=\u00bbdefault\u00bb background_color=\u00bb#111820&#8243; transform_translate=\u00bb0px|-40px\u00bb transform_translate_linked=\u00bboff\u00bb min_height=\u00bb426.3px\u00bb overflow-x=\u00bbvisible\u00bb overflow-y=\u00bbvisible\u00bb custom_margin=\u00bb||4px||false|false\u00bb custom_padding=\u00bb||120px||false|false\u00bb da_disable_devices=\u00bboff|off|off\u00bb border_radii=\u00bboff|||35px|35px\u00bb global_colors_info=\u00bb{}\u00bb da_is_popup=\u00bboff\u00bb da_exit_intent=\u00bboff\u00bb da_has_close=\u00bbon\u00bb da_alt_close=\u00bboff\u00bb da_dark_close=\u00bboff\u00bb da_not_modal=\u00bbon\u00bb da_is_singular=\u00bboff\u00bb da_with_loader=\u00bboff\u00bb da_has_shadow=\u00bbon\u00bb][et_pb_row _builder_version=\u00bb4.22.1&#8243; _module_preset=\u00bbdefault\u00bb custom_margin=\u00bb||||false|false\u00bb global_colors_info=\u00bb{}\u00bb][et_pb_column type=\u00bb4_4&#8243; _builder_version=\u00bb4.21.0&#8243; _module_preset=\u00bbdefault\u00bb global_colors_info=\u00bb{}\u00bb][et_pb_text _builder_version=\u00bb4.22.1&#8243; _module_preset=\u00bbdefault\u00bb text_font=\u00bbAnek Telugu|200||on|||||\u00bb text_text_color=\u00bb#d5d1cb\u00bb text_font_size=\u00bb30px\u00bb text_letter_spacing=\u00bb2px\u00bb text_line_height=\u00bb1.3em\u00bb text_orientation=\u00bbcenter\u00bb min_height=\u00bb147.2px\u00bb custom_margin=\u00bb||1px|||\u00bb custom_padding=\u00bb9%|15%||15%|false|false\u00bb animation_style=\u00bbzoom\u00bb animation_duration=\u00bb550ms\u00bb text_font_size_tablet=\u00bb30px\u00bb text_font_size_phone=\u00bb29px\u00bb text_font_size_last_edited=\u00bbon|phone\u00bb global_colors_info=\u00bb{}\u00bb]<\/p>\n<p>Entregamos soluciones de comunicaci\u00f3n<br \/><strong>orientadas al resultado<\/strong><\/p>\n<p>[\/et_pb_text][\/et_pb_column][\/et_pb_row][\/et_pb_section][et_pb_section fb_built=\u00bb1&#8243; custom_padding_last_edited=\u00bbon|phone\u00bb _builder_version=\u00bb4.22.1&#8243; _module_preset=\u00bbdefault\u00bb background_color=\u00bbRGBA(255,255,255,0)\u00bb transform_scale_tablet=\u00bb\u00bb transform_scale_phone=\u00bb\u00bb transform_scale_last_edited=\u00bbon|desktop\u00bb transform_translate=\u00bb0%|0%\u00bb transform_translate_tablet=\u00bb0px|-1%\u00bb transform_translate_phone=\u00bb4px|0%\u00bb transform_translate_last_edited=\u00bbon|phone\u00bb transform_translate_linked=\u00bboff\u00bb transform_rotate_tablet=\u00bb\u00bb transform_rotate_phone=\u00bb\u00bb transform_rotate_last_edited=\u00bbon|desktop\u00bb transform_skew_tablet=\u00bb\u00bb transform_skew_phone=\u00bb\u00bb transform_skew_last_edited=\u00bbon|desktop\u00bb transform_origin_tablet=\u00bb\u00bb transform_origin_phone=\u00bb\u00bb transform_origin_last_edited=\u00bbon|desktop\u00bb transform_styles_last_edited=\u00bbon|phone\u00bb overflow-x=\u00bbvisible\u00bb overflow-y=\u00bbvisible\u00bb custom_margin=\u00bb0px||||false|false\u00bb custom_margin_tablet=\u00bb||||false|false\u00bb custom_margin_phone=\u00bb8%||0px||false|false\u00bb custom_margin_last_edited=\u00bbon|tablet\u00bb custom_padding=\u00bb0px||10%||false|false\u00bb custom_padding_tablet=\u00bb||||false|false\u00bb custom_padding_phone=\u00bb||22%||false|false\u00bb transform_styles_tablet=\u00bb\u00bb transform_styles_phone=\u00bb\u00bb da_disable_devices=\u00bboff|off|off\u00bb global_colors_info=\u00bb{}\u00bb da_is_popup=\u00bboff\u00bb da_exit_intent=\u00bboff\u00bb da_has_close=\u00bbon\u00bb da_alt_close=\u00bboff\u00bb da_dark_close=\u00bboff\u00bb da_not_modal=\u00bbon\u00bb da_is_singular=\u00bboff\u00bb da_with_loader=\u00bboff\u00bb da_has_shadow=\u00bbon\u00bb][et_pb_row _builder_version=\u00bb4.22.1&#8243; _module_preset=\u00bbdefault\u00bb width=\u00bb85%\u00bb max_width=\u00bb85%\u00bb custom_margin=\u00bb-266px||||false|false\u00bb custom_margin_tablet=\u00bb-266px||||false|false\u00bb custom_margin_phone=\u00bb-266px||||false|false\u00bb custom_margin_last_edited=\u00bbon|phone\u00bb custom_padding=\u00bb||||false|false\u00bb animation_style=\u00bbfade\u00bb scroll_vertical_motion=\u00bb0|50|50|100|0|0|-1&#8243; motion_trigger_start=\u00bbtop\u00bb hover_enabled=\u00bb0&#8243; global_colors_info=\u00bb{}\u00bb sticky_enabled=\u00bb0&#8243;][et_pb_column type=\u00bb4_4&#8243; _builder_version=\u00bb4.21.0&#8243; _module_preset=\u00bbdefault\u00bb global_colors_info=\u00bb{}\u00bb][et_pb_portfolio include_categories=\u00bb14&#8243; show_categories=\u00bboff\u00bb _builder_version=\u00bb4.22.1&#8243; _module_preset=\u00bbdefault\u00bb title_font=\u00bb|300||on|||||\u00bb title_text_align=\u00bbleft\u00bb title_font_size=\u00bb20px\u00bb title_letter_spacing=\u00bb1px\u00bb title_line_height=\u00bb1.2em\u00bb caption_text_align=\u00bbleft\u00bb pagination_text_color=\u00bb#111820&#8243; pagination_line_height=\u00bb1.2em\u00bb text_orientation=\u00bbleft\u00bb module_alignment=\u00bbleft\u00bb custom_margin=\u00bb8px|0px|5px|0px|false|false\u00bb custom_padding=\u00bb5px|0px|20px|0px|false|false\u00bb animation_style=\u00bbfade\u00bb animation_direction=\u00bbbottom\u00bb animation_duration=\u00bb500ms\u00bb animation_delay=\u00bb450ms\u00bb link_option_url=\u00bbhacemos\u00bb hover_enabled=\u00bb0&#8243; custom_css_main_element=\u00bbcolumn-count: 2;||column-gap: 30px;\u00bb custom_css_portfolio_image=\u00bbheight: 100%;||width: 100%;||object-fit: cover;\u00bb custom_css_portfolio_title=\u00bbpadding:20px 0 20px 0px;\u00bb border_width_top=\u00bb35px\u00bb border_color_top=\u00bbRGBA(255,255,255,0)\u00bb border_width_bottom=\u00bb1px\u00bb border_radii_image=\u00bbon|20px|20px|20px|20px\u00bb border_color_top_image=\u00bbRGBA(255,255,255,0)\u00bb border_style_top_image=\u00bbnone\u00bb border_color_bottom_image=\u00bbRGBA(255,255,255,0)\u00bb border_style_left_image=\u00bbdashed\u00bb global_colors_info=\u00bb{}\u00bb custom_css_main_element_last_edited=\u00bbon|desktop\u00bb custom_css_main_element_tablet=\u00bbcolumn-count:1;||\u00bb custom_css_main_element_phone=\u00bbcolumn-count:1;||\u00bb child_filter_brightness__hover_enabled=\u00bbon|hover\u00bb child_filter_brightness__hover=\u00bb126%\u00bb sticky_enabled=\u00bb0&#8243;][\/et_pb_portfolio][\/et_pb_column][\/et_pb_row][\/et_pb_section][et_pb_section fb_built=\u00bb1&#8243; _builder_version=\u00bb4.22.1&#8243; _module_preset=\u00bbdefault\u00bb min_height=\u00bb89px\u00bb custom_margin=\u00bb-160px|||||\u00bb custom_padding=\u00bb5px||0px|||\u00bb da_disable_devices=\u00bboff|off|off\u00bb global_colors_info=\u00bb{}\u00bb da_is_popup=\u00bboff\u00bb da_exit_intent=\u00bboff\u00bb da_has_close=\u00bbon\u00bb da_alt_close=\u00bboff\u00bb da_dark_close=\u00bboff\u00bb da_not_modal=\u00bbon\u00bb da_is_singular=\u00bboff\u00bb da_with_loader=\u00bboff\u00bb da_has_shadow=\u00bbon\u00bb][\/et_pb_section][et_pb_section fb_built=\u00bb1&#8243; _builder_version=\u00bb4.22.1&#8243; _module_preset=\u00bbdefault\u00bb da_disable_devices=\u00bboff|off|off\u00bb global_colors_info=\u00bb{}\u00bb da_is_popup=\u00bboff\u00bb da_exit_intent=\u00bboff\u00bb da_has_close=\u00bbon\u00bb da_alt_close=\u00bboff\u00bb da_dark_close=\u00bboff\u00bb da_not_modal=\u00bbon\u00bb da_is_singular=\u00bboff\u00bb da_with_loader=\u00bboff\u00bb da_has_shadow=\u00bbon\u00bb][\/et_pb_section][et_pb_section fb_built=\u00bb1&#8243; _builder_version=\u00bb4.22.1&#8243; _module_preset=\u00bbdefault\u00bb min_height=\u00bb36.3px\u00bb custom_margin=\u00bb-160px|||||\u00bb custom_padding=\u00bb5px||0px|||\u00bb da_disable_devices=\u00bboff|off|off\u00bb global_colors_info=\u00bb{}\u00bb da_is_popup=\u00bboff\u00bb da_exit_intent=\u00bboff\u00bb da_has_close=\u00bbon\u00bb da_alt_close=\u00bboff\u00bb da_dark_close=\u00bboff\u00bb da_not_modal=\u00bbon\u00bb da_is_singular=\u00bboff\u00bb da_with_loader=\u00bboff\u00bb da_has_shadow=\u00bbon\u00bb][et_pb_row _builder_version=\u00bb4.22.1&#8243; _module_preset=\u00bbdefault\u00bb background_color=\u00bb#111820&#8243; width=\u00bb100%\u00bb max_width=\u00bb2560%\u00bb module_alignment=\u00bbcenter\u00bb height=\u00bb97.8%\u00bb max_height=\u00bb100%\u00bb custom_margin=\u00bb25px||||false|false\u00bb custom_padding=\u00bb5.4%||0px||false|false\u00bb locked=\u00bboff\u00bb global_colors_info=\u00bb{}\u00bb][et_pb_column type=\u00bb4_4&#8243; _builder_version=\u00bb4.21.0&#8243; _module_preset=\u00bbdefault\u00bb global_colors_info=\u00bb{}\u00bb][et_pb_text _builder_version=\u00bb4.22.1&#8243; _module_preset=\u00bbdefault\u00bb text_text_color=\u00bb#d5d1cb\u00bb text_font_size=\u00bb23px\u00bb text_line_height=\u00bb1.2em\u00bb text_orientation=\u00bbcenter\u00bb width=\u00bb70%\u00bb max_width=\u00bb80%\u00bb module_alignment=\u00bbcenter\u00bb global_colors_info=\u00bb{}\u00bb]<\/p>\n<p style=\"text-align: center;\"><strong>Estamos para acompa\u00f1arte<\/strong>. Junt\u00e9monos a tomar un caf\u00e9 cuando quieras.<\/p>\n<p>[\/et_pb_text][et_pb_button button_url=\u00bb#contacto\u00bb button_text=\u00bbCONVERSEMOS\u00bb button_alignment=\u00bbcenter\u00bb _builder_version=\u00bb4.21.0&#8243; _module_preset=\u00bbdefault\u00bb custom_button=\u00bbon\u00bb button_text_size=\u00bb16px\u00bb button_text_color=\u00bb#d5d1cb\u00bb button_bg_color=\u00bb#111820&#8243; button_border_width=\u00bb1px\u00bb button_border_color=\u00bb#d5d1cb\u00bb button_border_radius=\u00bb20px\u00bb button_letter_spacing=\u00bb1px\u00bb button_font=\u00bbAnek Telugu|200|||||||\u00bb button_icon=\u00bb&#xe03c;||divi||400&#8243; button_icon_color=\u00bb#d5d1cb\u00bb button_on_hover=\u00bboff\u00bb transform_translate=\u00bb0px|-10px\u00bb transform_translate_linked=\u00bboff\u00bb custom_margin=\u00bb48px|0px|48px|0px|true|false\u00bb custom_padding=\u00bb4px|45px|0px|27px|false|false\u00bb sticky_position=\u00bbtop\u00bb global_colors_info=\u00bb{}\u00bb][\/et_pb_button][\/et_pb_column][\/et_pb_row][\/et_pb_section]<\/p>\n","protected":false},"excerpt":{"rendered":"<p>Entregamos soluciones de comunicaci\u00f3norientadas al resultadoEstamos para acompa\u00f1arte. Junt\u00e9monos a tomar un caf\u00e9 cuando quieras.<\/p>\n","protected":false},"author":1,"featured_media":0,"parent":0,"menu_order":0,"comment_status":"closed","ping_status":"closed","template":"","meta":{"_et_pb_use_builder":"on","_et_pb_old_content":"","_et_gb_content_width":"","footnotes":""},"class_list":["post-1414","page","type-page","status-publish","hentry"],"yoast_head":"<!-- This site is optimized with the Yoast SEO plugin v27.2 - https:\/\/yoast.com\/product\/yoast-seo-wordpress\/ -->\n<title>Hacemos - Puntonorte Comunicaciones<\/title>\n<meta name=\"description\" content=\"Soluciones para comunicaci\u00f3n interna, engagement, eventos, gesti\u00f3n del cambio, comunicaci\u00f3n audiovisual, talleres, coaching y branding.\" \/>\n<meta name=\"robots\" content=\"index, follow, max-snippet:-1, max-image-preview:large, max-video-preview:-1\" \/>\n<link rel=\"canonical\" href=\"https:\/\/puntonorte.cl\/web\/hacemos\/\" \/>\n<meta property=\"og:locale\" content=\"es_ES\" \/>\n<meta property=\"og:type\" content=\"article\" \/>\n<meta property=\"og:title\" content=\"Hacemos - Puntonorte Comunicaciones\" \/>\n<meta property=\"og:description\" content=\"Soluciones para comunicaci\u00f3n interna, engagement, eventos, gesti\u00f3n del cambio, comunicaci\u00f3n audiovisual, talleres, coaching y branding.\" \/>\n<meta property=\"og:url\" content=\"https:\/\/puntonorte.cl\/web\/hacemos\/\" \/>\n<meta property=\"og:site_name\" content=\"Puntonorte Comunicaciones\" \/>\n<meta property=\"article:modified_time\" content=\"2024-10-03T14:18:16+00:00\" \/>\n<meta name=\"twitter:card\" content=\"summary_large_image\" \/>\n<meta name=\"twitter:label1\" content=\"Tiempo de lectura\" \/>\n\t<meta name=\"twitter:data1\" content=\"2 minutos\" \/>\n<script type=\"application\/ld+json\" class=\"yoast-schema-graph\">{\"@context\":\"https:\/\/schema.org\",\"@graph\":[{\"@type\":\"WebPage\",\"@id\":\"https:\/\/puntonorte.cl\/web\/hacemos\/\",\"url\":\"https:\/\/puntonorte.cl\/web\/hacemos\/\",\"name\":\"Hacemos - Puntonorte Comunicaciones\",\"isPartOf\":{\"@id\":\"https:\/\/puntonorte.cl\/web\/#website\"},\"datePublished\":\"2023-08-17T17:03:38+00:00\",\"dateModified\":\"2024-10-03T14:18:16+00:00\",\"description\":\"Soluciones para comunicaci\u00f3n interna, engagement, eventos, gesti\u00f3n del cambio, comunicaci\u00f3n audiovisual, talleres, coaching y branding.\",\"breadcrumb\":{\"@id\":\"https:\/\/puntonorte.cl\/web\/hacemos\/#breadcrumb\"},\"inLanguage\":\"es\",\"potentialAction\":[{\"@type\":\"ReadAction\",\"target\":[\"https:\/\/puntonorte.cl\/web\/hacemos\/\"]}]},{\"@type\":\"BreadcrumbList\",\"@id\":\"https:\/\/puntonorte.cl\/web\/hacemos\/#breadcrumb\",\"itemListElement\":[{\"@type\":\"ListItem\",\"position\":1,\"name\":\"Portada\",\"item\":\"https:\/\/puntonorte.cl\/web\/\"},{\"@type\":\"ListItem\",\"position\":2,\"name\":\"Hacemos\"}]},{\"@type\":\"WebSite\",\"@id\":\"https:\/\/puntonorte.cl\/web\/#website\",\"url\":\"https:\/\/puntonorte.cl\/web\/\",\"name\":\"Puntonorte Comunicaciones\",\"description\":\"Consultora de Comunicaciones Estrat\u00e9gicas\",\"publisher\":{\"@id\":\"https:\/\/puntonorte.cl\/web\/#organization\"},\"alternateName\":\"puntonorte\",\"potentialAction\":[{\"@type\":\"SearchAction\",\"target\":{\"@type\":\"EntryPoint\",\"urlTemplate\":\"https:\/\/puntonorte.cl\/web\/?s={search_term_string}\"},\"query-input\":{\"@type\":\"PropertyValueSpecification\",\"valueRequired\":true,\"valueName\":\"search_term_string\"}}],\"inLanguage\":\"es\"},{\"@type\":\"Organization\",\"@id\":\"https:\/\/puntonorte.cl\/web\/#organization\",\"name\":\"Puntonorte Comunicaciones\",\"alternateName\":\"puntonorte\",\"url\":\"https:\/\/puntonorte.cl\/web\/\",\"logo\":{\"@type\":\"ImageObject\",\"inLanguage\":\"es\",\"@id\":\"https:\/\/puntonorte.cl\/web\/#\/schema\/logo\/image\/\",\"url\":\"https:\/\/puntonorte.cl\/web\/wp-content\/uploads\/2023\/06\/LOGO-PN.png\",\"contentUrl\":\"https:\/\/puntonorte.cl\/web\/wp-content\/uploads\/2023\/06\/LOGO-PN.png\",\"width\":224,\"height\":66,\"caption\":\"Puntonorte Comunicaciones\"},\"image\":{\"@id\":\"https:\/\/puntonorte.cl\/web\/#\/schema\/logo\/image\/\"}}]}<\/script>\n<!-- \/ Yoast SEO plugin. -->","yoast_head_json":{"title":"Hacemos - Puntonorte Comunicaciones","description":"Soluciones para comunicaci\u00f3n interna, engagement, eventos, gesti\u00f3n del cambio, comunicaci\u00f3n audiovisual, talleres, coaching y branding.","robots":{"index":"index","follow":"follow","max-snippet":"max-snippet:-1","max-image-preview":"max-image-preview:large","max-video-preview":"max-video-preview:-1"},"canonical":"https:\/\/puntonorte.cl\/web\/hacemos\/","og_locale":"es_ES","og_type":"article","og_title":"Hacemos - Puntonorte Comunicaciones","og_description":"Soluciones para comunicaci\u00f3n interna, engagement, eventos, gesti\u00f3n del cambio, comunicaci\u00f3n audiovisual, talleres, coaching y branding.","og_url":"https:\/\/puntonorte.cl\/web\/hacemos\/","og_site_name":"Puntonorte Comunicaciones","article_modified_time":"2024-10-03T14:18:16+00:00","twitter_card":"summary_large_image","twitter_misc":{"Tiempo de lectura":"2 minutos"},"schema":{"@context":"https:\/\/schema.org","@graph":[{"@type":"WebPage","@id":"https:\/\/puntonorte.cl\/web\/hacemos\/","url":"https:\/\/puntonorte.cl\/web\/hacemos\/","name":"Hacemos - Puntonorte Comunicaciones","isPartOf":{"@id":"https:\/\/puntonorte.cl\/web\/#website"},"datePublished":"2023-08-17T17:03:38+00:00","dateModified":"2024-10-03T14:18:16+00:00","description":"Soluciones para comunicaci\u00f3n interna, engagement, eventos, gesti\u00f3n del cambio, comunicaci\u00f3n audiovisual, talleres, coaching y branding.","breadcrumb":{"@id":"https:\/\/puntonorte.cl\/web\/hacemos\/#breadcrumb"},"inLanguage":"es","potentialAction":[{"@type":"ReadAction","target":["https:\/\/puntonorte.cl\/web\/hacemos\/"]}]},{"@type":"BreadcrumbList","@id":"https:\/\/puntonorte.cl\/web\/hacemos\/#breadcrumb","itemListElement":[{"@type":"ListItem","position":1,"name":"Portada","item":"https:\/\/puntonorte.cl\/web\/"},{"@type":"ListItem","position":2,"name":"Hacemos"}]},{"@type":"WebSite","@id":"https:\/\/puntonorte.cl\/web\/#website","url":"https:\/\/puntonorte.cl\/web\/","name":"Puntonorte Comunicaciones","description":"Consultora de Comunicaciones Estrat\u00e9gicas","publisher":{"@id":"https:\/\/puntonorte.cl\/web\/#organization"},"alternateName":"puntonorte","potentialAction":[{"@type":"SearchAction","target":{"@type":"EntryPoint","urlTemplate":"https:\/\/puntonorte.cl\/web\/?s={search_term_string}"},"query-input":{"@type":"PropertyValueSpecification","valueRequired":true,"valueName":"search_term_string"}}],"inLanguage":"es"},{"@type":"Organization","@id":"https:\/\/puntonorte.cl\/web\/#organization","name":"Puntonorte Comunicaciones","alternateName":"puntonorte","url":"https:\/\/puntonorte.cl\/web\/","logo":{"@type":"ImageObject","inLanguage":"es","@id":"https:\/\/puntonorte.cl\/web\/#\/schema\/logo\/image\/","url":"https:\/\/puntonorte.cl\/web\/wp-content\/uploads\/2023\/06\/LOGO-PN.png","contentUrl":"https:\/\/puntonorte.cl\/web\/wp-content\/uploads\/2023\/06\/LOGO-PN.png","width":224,"height":66,"caption":"Puntonorte Comunicaciones"},"image":{"@id":"https:\/\/puntonorte.cl\/web\/#\/schema\/logo\/image\/"}}]}},"_links":{"self":[{"href":"https:\/\/puntonorte.cl\/web\/wp-json\/wp\/v2\/pages\/1414","targetHints":{"allow":["GET"]}}],"collection":[{"href":"https:\/\/puntonorte.cl\/web\/wp-json\/wp\/v2\/pages"}],"about":[{"href":"https:\/\/puntonorte.cl\/web\/wp-json\/wp\/v2\/types\/page"}],"author":[{"embeddable":true,"href":"https:\/\/puntonorte.cl\/web\/wp-json\/wp\/v2\/users\/1"}],"replies":[{"embeddable":true,"href":"https:\/\/puntonorte.cl\/web\/wp-json\/wp\/v2\/comments?post=1414"}],"version-history":[{"count":0,"href":"https:\/\/puntonorte.cl\/web\/wp-json\/wp\/v2\/pages\/1414\/revisions"}],"wp:attachment":[{"href":"https:\/\/puntonorte.cl\/web\/wp-json\/wp\/v2\/media?parent=1414"}],"curies":[{"name":"wp","href":"https:\/\/api.w.org\/{rel}","templated":true}]}}